{"id":7560,"date":"2024-02-21T13:00:54","date_gmt":"2024-02-21T12:00:54","guid":{"rendered":"https:\/\/theberlinwall.com\/politica-de-privacitat\/"},"modified":"2025-10-08T13:16:06","modified_gmt":"2025-10-08T11:16:06","slug":"politica-de-privacitat","status":"publish","type":"page","link":"https:\/\/theberlinwall.com\/ca\/politica-de-privacitat\/","title":{"rendered":"Pol\u00edtica de privacitat"},"content":{"rendered":"\t\t<div data-elementor-type=\"wp-page\" data-elementor-id=\"7560\" class=\"elementor elementor-7560 elementor-3\" data-elementor-post-type=\"page\">\n\t\t\t\t<div class=\"elementor-element elementor-element-5deaf7f1 e-flex e-con-boxed e-con e-parent\" data-id=\"5deaf7f1\" data-element_type=\"container\" data-e-type=\"container\">\n\t\t\t\t\t<div class=\"e-con-inner\">\n\t\t\t\t<div class=\"elementor-element elementor-element-1fd29693 elementor-widget elementor-widget-text-editor\" data-id=\"1fd29693\" data-element_type=\"widget\" data-e-type=\"widget\" data-widget_type=\"text-editor.default\">\n\t\t\t\t<div class=\"elementor-widget-container\">\n\t\t\t\t\t\t\t\t\t<h1 class=\"wp-block-heading\">Pol\u00edtica de privacitat<\/h1>\t\t\t\t\t\t\t\t<\/div>\n\t\t\t\t<\/div>\n\t\t\t\t<div class=\"elementor-element elementor-element-3f0ee0a elementor-widget-divider--view-line elementor-widget elementor-widget-divider\" data-id=\"3f0ee0a\" data-element_type=\"widget\" data-e-type=\"widget\" data-widget_type=\"divider.default\">\n\t\t\t\t<div class=\"elementor-widget-container\">\n\t\t\t\t\t\t\t<div class=\"elementor-divider\">\n\t\t\t<span class=\"elementor-divider-separator\">\n\t\t\t\t\t\t<\/span>\n\t\t<\/div>\n\t\t\t\t\t\t<\/div>\n\t\t\t\t<\/div>\n\t\t\t\t\t<\/div>\n\t\t\t\t<\/div>\n\t\t<div class=\"elementor-element elementor-element-2423f6c e-flex e-con-boxed e-con e-parent\" data-id=\"2423f6c\" data-element_type=\"container\" data-e-type=\"container\">\n\t\t\t\t\t<div class=\"e-con-inner\">\n\t\t\t\t<div class=\"elementor-element elementor-element-676a312 elementor-widget elementor-widget-text-editor\" data-id=\"676a312\" data-element_type=\"widget\" data-e-type=\"widget\" data-widget_type=\"text-editor.default\">\n\t\t\t\t<div class=\"elementor-widget-container\">\n\t\t\t\t\t\t\t\t\t<h2 class=\"wp-block-heading\">UTILISATION DES COOKIES<\/h2><p>Notre site web utilise des cookies afin d\u2019am\u00e9liorer votre exp\u00e9rience de navigation, d\u2019analyser le trafic et de vous proposer des publicit\u00e9s personnalis\u00e9es. En continuant \u00e0 utiliser notre site, vous acceptez l\u2019utilisation des cookies conform\u00e9ment \u00e0 cette politique. <\/p>\t\t\t\t\t\t\t\t<\/div>\n\t\t\t\t<\/div>\n\t\t\t\t<div class=\"elementor-element elementor-element-b314f00 elementor-widget elementor-widget-text-editor\" data-id=\"b314f00\" data-element_type=\"widget\" data-e-type=\"widget\" data-widget_type=\"text-editor.default\">\n\t\t\t\t<div class=\"elementor-widget-container\">\n\t\t\t\t\t\t\t\t\t<h2 class=\"wp-block-heading\">TYPES DE COOKIES UTILIS\u00c9S<\/h2><p>Nous utilisons les types de cookies suivants sur notre site web :<\/p><div><strong>\u2022 Cookies techniques ou n\u00e9cessaires :<\/strong> Ces cookies sont essentiels pour le bon fonctionnement de notre site web et vous permettent de naviguer et d\u2019utiliser ses fonctionnalit\u00e9s de base, comme l\u2019acc\u00e8s \u00e0 des zones s\u00e9curis\u00e9es. Ils ne n\u00e9cessitent pas de consentement pr\u00e9alable. <\/div><div> <\/div><div><strong>\u2022 Cookies de pr\u00e9f\u00e9rence ou de personnalisation :<\/strong> Ces cookies permettent de m\u00e9moriser vos pr\u00e9f\u00e9rences (langue, r\u00e9gion, etc.) pour vous offrir une exp\u00e9rience de navigation plus personnalis\u00e9e.<\/div><div> <\/div><div><strong>\u2022 Cookies analytiques ou de performance :<\/strong> Ces cookies recueillent des informations anonymes sur la mani\u00e8re dont les utilisateurs interagissent avec notre site, comme les pages les plus visit\u00e9es ou les erreurs rencontr\u00e9es, afin d\u2019am\u00e9liorer la performance de notre site. Nous utilisons par exemple Google Analytics. <\/div><div> <\/div><div><strong>\u2022 Cookies publicitaires :<\/strong> Ces cookies sont utilis\u00e9s pour vous montrer des annonces publicitaires personnalis\u00e9es en fonction de vos centres d\u2019int\u00e9r\u00eat et de votre comportement de navigation.<\/div><div> <\/div><div><strong>\u2022 Cookies de r\u00e9seaux sociaux :<\/strong> Ces cookies facilitent l\u2019interaction avec les plateformes de r\u00e9seaux sociaux, comme le partage de contenu ou le suivi d\u2019une page directement depuis notre site.<\/div><div> <\/div><div><strong>\u2022 Cookies de tiers :<\/strong> Certains cookies peuvent \u00eatre plac\u00e9s par des partenaires tiers (comme Google Analytics, Facebook Pixel) pour des finalit\u00e9s publicitaires ou d\u2019analyse. Ces cookies permettent de suivre les utilisateurs sur diff\u00e9rents sites web et de proposer des publicit\u00e9s adapt\u00e9es. <\/div>\t\t\t\t\t\t\t\t<\/div>\n\t\t\t\t<\/div>\n\t\t\t\t<div class=\"elementor-element elementor-element-573c9d0 elementor-widget elementor-widget-text-editor\" data-id=\"573c9d0\" data-element_type=\"widget\" data-e-type=\"widget\" data-widget_type=\"text-editor.default\">\n\t\t\t\t<div class=\"elementor-widget-container\">\n\t\t\t\t\t\t\t\t\t<h2 class=\"wp-block-heading\">DUR\u00c9E DES COOKIES<\/h2><div><strong>\u2022 Cookies de session :<\/strong> Ces cookies sont temporaires et expirent lorsque vous fermez votre navigateur. Ils sont utilis\u00e9s pour m\u00e9moriser vos actions au cours d\u2019une m\u00eame session de navigation. <\/div><div> <\/div><div><strong>\u2022 Cookies persistants :<\/strong> Ces cookies restent sur votre appareil pendant une p\u00e9riode d\u00e9finie (jours, mois ou ann\u00e9es) apr\u00e8s la fermeture de votre navigateur. Ils permettent de m\u00e9moriser vos pr\u00e9f\u00e9rences et actions lors de vos futures visites sur notre site. <\/div>\t\t\t\t\t\t\t\t<\/div>\n\t\t\t\t<\/div>\n\t\t\t\t<div class=\"elementor-element elementor-element-4a14255 elementor-widget elementor-widget-text-editor\" data-id=\"4a14255\" data-element_type=\"widget\" data-e-type=\"widget\" data-widget_type=\"text-editor.default\">\n\t\t\t\t<div class=\"elementor-widget-container\">\n\t\t\t\t\t\t\t\t\t<h2 class=\"wp-block-heading\">COLLECTE DE DONN\u00c9ES PERSONNELLES<\/h2><div>Certaines informations personnelles, telles que votre nom et votre adresse e-mail, peuvent \u00eatre collect\u00e9es via des cookies. Ces donn\u00e9es sont utilis\u00e9es pour vous fournir une exp\u00e9rience plus personnalis\u00e9e et sont trait\u00e9es conform\u00e9ment \u00e0 notre [Politique de confidentialit\u00e9 compl\u00e8te]. <\/div>\t\t\t\t\t\t\t\t<\/div>\n\t\t\t\t<\/div>\n\t\t\t\t<div class=\"elementor-element elementor-element-9339891 elementor-widget elementor-widget-text-editor\" data-id=\"9339891\" data-element_type=\"widget\" data-e-type=\"widget\" data-widget_type=\"text-editor.default\">\n\t\t\t\t<div class=\"elementor-widget-container\">\n\t\t\t\t\t\t\t\t\t<h2 class=\"wp-block-heading\">CONSENTEMENT ET GESTION DES COOKIES<\/h2><div>Avant l\u2019installation des cookies sur votre appareil, nous vous demanderons votre consentement via une barre de cookies. Vous avez la possibilit\u00e9 d\u2019accepter ou de refuser les cookies. Vous pouvez \u00e9galement g\u00e9rer vos pr\u00e9f\u00e9rences de cookies \u00e0 tout moment en cliquant sur ce lien, qui vous permet de modifier vos choix.  <\/div>\t\t\t\t\t\t\t\t<\/div>\n\t\t\t\t<\/div>\n\t\t\t\t<div class=\"elementor-element elementor-element-b362c8d elementor-widget elementor-widget-text-editor\" data-id=\"b362c8d\" data-element_type=\"widget\" data-e-type=\"widget\" data-widget_type=\"text-editor.default\">\n\t\t\t\t<div class=\"elementor-widget-container\">\n\t\t\t\t\t\t\t\t\t<h2 class=\"wp-block-heading\">MISE \u00c0 JOUR DE LA POLITIQUE<\/h2><div>Cette politique de confidentialit\u00e9 est mise \u00e0 jour une fois par an. Nous vous recommandons de consulter cette page r\u00e9guli\u00e8rement pour vous tenir inform\u00e9(e) des \u00e9ventuelles modifications.<\/div><div><br>Si vous avez des questions concernant l\u2019utilisation des cookies, veuillez nous contacter \u00e0 l\u2019adresse.<\/div>\t\t\t\t\t\t\t\t<\/div>\n\t\t\t\t<\/div>\n\t\t\t\t<div class=\"elementor-element elementor-element-83068d4 elementor-widget elementor-widget-text-editor\" data-id=\"83068d4\" data-element_type=\"widget\" data-e-type=\"widget\" data-widget_type=\"text-editor.default\">\n\t\t\t\t<div class=\"elementor-widget-container\">\n\t\t\t\t\t\t\t\t\t<strong>Musealia Exhibitions &amp; Museums S.L.<\/strong> recueille votre consentement conform\u00e9ment aux politiques et sp\u00e9cifications techniques du Cadre de transparence et de consentement de l&#8217;IAB Europe. Elle utilise la plateforme de gestion du consentement n\u00b0 92. \n\nVous pouvez modifier vos choix \u00e0 tout moment en cliquant <a href=\"javascript:Sddan.cmp.displayUI()\">ici<\/a>.\t\t\t\t\t\t\t\t<\/div>\n\t\t\t\t<\/div>\n\t\t\t\t\t<\/div>\n\t\t\t\t<\/div>\n\t\t\t\t<\/div>\n\t\t","protected":false},"excerpt":{"rendered":"<p>Pol\u00edtica de privacitat UTILISATION DES COOKIES Notre site web utilise des cookies afin d\u2019am\u00e9liorer votre exp\u00e9rience de navigation, d\u2019analyser le trafic et de vous proposer des publicit\u00e9s personnalis\u00e9es. En continuant \u00e0 utiliser notre site, vous acceptez l\u2019utilisation des cookies conform\u00e9ment \u00e0 cette politique. TYPES DE COOKIES UTILIS\u00c9S Nous utilisons les types de cookies suivants sur [&hellip;]<\/p>\n","protected":false},"author":1,"featured_media":0,"parent":0,"menu_order":0,"comment_status":"closed","ping_status":"open","template":"","meta":{"_acf_changed":false,"_mo_disable_npp":"","footnotes":""},"class_list":["post-7560","page","type-page","status-publish","hentry"],"acf":[],"yoast_head":"<!-- This site is optimized with the Yoast SEO plugin v27.3 - https:\/\/yoast.com\/product\/yoast-seo-wordpress\/ -->\n<title>Pol\u00edtica de privacitat - Exposici\u00f3n El Muro de Berl\u00edn en Barcelona | Espacio Inmersa<\/title>\n<meta name=\"robots\" content=\"index, follow, max-snippet:-1, max-image-preview:large, max-video-preview:-1\" \/>\n<link rel=\"canonical\" href=\"https:\/\/theberlinwall.com\/ca\/politica-de-privacitat\/\" \/>\n<meta property=\"og:locale\" content=\"ca_ES\" \/>\n<meta property=\"og:type\" content=\"article\" \/>\n<meta property=\"og:title\" content=\"Pol\u00edtica de privacitat - Exposici\u00f3n El Muro de Berl\u00edn en Barcelona | Espacio Inmersa\" \/>\n<meta property=\"og:description\" content=\"Pol\u00edtica de privacitat UTILISATION DES COOKIES Notre site web utilise des cookies afin d\u2019am\u00e9liorer votre exp\u00e9rience de navigation, d\u2019analyser le trafic et de vous proposer des publicit\u00e9s personnalis\u00e9es. En continuant \u00e0 utiliser notre site, vous acceptez l\u2019utilisation des cookies conform\u00e9ment \u00e0 cette politique. TYPES DE COOKIES UTILIS\u00c9S Nous utilisons les types de cookies suivants sur [&hellip;]\" \/>\n<meta property=\"og:url\" content=\"https:\/\/theberlinwall.com\/ca\/politica-de-privacitat\/\" \/>\n<meta property=\"og:site_name\" content=\"Exposici\u00f3n El Muro de Berl\u00edn en Barcelona | Espacio Inmersa\" \/>\n<meta property=\"article:publisher\" content=\"https:\/\/www.facebook.com\/BerlinWallExhibition\" \/>\n<meta property=\"article:modified_time\" content=\"2025-10-08T11:16:06+00:00\" \/>\n<meta name=\"twitter:card\" content=\"summary_large_image\" \/>\n<meta name=\"twitter:site\" content=\"@_berlinwall\" \/>\n<meta name=\"twitter:label1\" content=\"Temps estimat de lectura\" \/>\n\t<meta name=\"twitter:data1\" content=\"3 minuts\" \/>\n<script type=\"application\/ld+json\" class=\"yoast-schema-graph\">{\"@context\":\"https:\\\/\\\/schema.org\",\"@graph\":[{\"@type\":\"WebPage\",\"@id\":\"https:\\\/\\\/theberlinwall.com\\\/ca\\\/politica-de-privacitat\\\/\",\"url\":\"https:\\\/\\\/theberlinwall.com\\\/ca\\\/politica-de-privacitat\\\/\",\"name\":\"Pol\u00edtica de privacitat - Exposici\u00f3n El Muro de Berl\u00edn en Barcelona | Espacio Inmersa\",\"isPartOf\":{\"@id\":\"https:\\\/\\\/theberlinwall.com\\\/#website\"},\"datePublished\":\"2024-02-21T12:00:54+00:00\",\"dateModified\":\"2025-10-08T11:16:06+00:00\",\"breadcrumb\":{\"@id\":\"https:\\\/\\\/theberlinwall.com\\\/ca\\\/politica-de-privacitat\\\/#breadcrumb\"},\"inLanguage\":\"ca\",\"potentialAction\":[{\"@type\":\"ReadAction\",\"target\":[\"https:\\\/\\\/theberlinwall.com\\\/ca\\\/politica-de-privacitat\\\/\"]}]},{\"@type\":\"BreadcrumbList\",\"@id\":\"https:\\\/\\\/theberlinwall.com\\\/ca\\\/politica-de-privacitat\\\/#breadcrumb\",\"itemListElement\":[{\"@type\":\"ListItem\",\"position\":1,\"name\":\"Portada\",\"item\":\"https:\\\/\\\/theberlinwall.com\\\/ca\\\/home\\\/\"},{\"@type\":\"ListItem\",\"position\":2,\"name\":\"Pol\u00edtica de privacitat\"}]},{\"@type\":\"WebSite\",\"@id\":\"https:\\\/\\\/theberlinwall.com\\\/#website\",\"url\":\"https:\\\/\\\/theberlinwall.com\\\/\",\"name\":\"Le Mur de Berlin Un Monde Divis\u00e9\",\"description\":\"Sum\u00e9rgete en la historia del Muro de Berl\u00edn en el Espacio Inmersa de Barcelona. Una exposici\u00f3n excepcional con m\u00e1s de 200 objetos originales.\",\"publisher\":{\"@id\":\"https:\\\/\\\/theberlinwall.com\\\/#organization\"},\"potentialAction\":[{\"@type\":\"SearchAction\",\"target\":{\"@type\":\"EntryPoint\",\"urlTemplate\":\"https:\\\/\\\/theberlinwall.com\\\/?s={search_term_string}\"},\"query-input\":{\"@type\":\"PropertyValueSpecification\",\"valueRequired\":true,\"valueName\":\"search_term_string\"}}],\"inLanguage\":\"ca\"},{\"@type\":\"Organization\",\"@id\":\"https:\\\/\\\/theberlinwall.com\\\/#organization\",\"name\":\"Le Mur de Berlin - Un Monde Divis\u00e9\",\"url\":\"https:\\\/\\\/theberlinwall.com\\\/\",\"logo\":{\"@type\":\"ImageObject\",\"inLanguage\":\"ca\",\"@id\":\"https:\\\/\\\/theberlinwall.com\\\/#\\\/schema\\\/logo\\\/image\\\/\",\"url\":\"https:\\\/\\\/theberlinwall.com\\\/wp-content\\\/uploads\\\/2025\\\/10\\\/06_144_14_Logo_CAT_RGB_ColorBlanco_PROD.svg\",\"contentUrl\":\"https:\\\/\\\/theberlinwall.com\\\/wp-content\\\/uploads\\\/2025\\\/10\\\/06_144_14_Logo_CAT_RGB_ColorBlanco_PROD.svg\",\"caption\":\"Le Mur de Berlin - Un Monde Divis\u00e9\"},\"image\":{\"@id\":\"https:\\\/\\\/theberlinwall.com\\\/#\\\/schema\\\/logo\\\/image\\\/\"},\"sameAs\":[\"https:\\\/\\\/www.facebook.com\\\/BerlinWallExhibition\",\"https:\\\/\\\/x.com\\\/_berlinwall\",\"https:\\\/\\\/www.instagram.com\\\/_berlinwall\\\/\"]}]}<\/script>\n<!-- \/ Yoast SEO plugin. -->","yoast_head_json":{"title":"Pol\u00edtica de privacitat - Exposici\u00f3n El Muro de Berl\u00edn en Barcelona | Espacio Inmersa","robots":{"index":"index","follow":"follow","max-snippet":"max-snippet:-1","max-image-preview":"max-image-preview:large","max-video-preview":"max-video-preview:-1"},"canonical":"https:\/\/theberlinwall.com\/ca\/politica-de-privacitat\/","og_locale":"ca_ES","og_type":"article","og_title":"Pol\u00edtica de privacitat - Exposici\u00f3n El Muro de Berl\u00edn en Barcelona | Espacio Inmersa","og_description":"Pol\u00edtica de privacitat UTILISATION DES COOKIES Notre site web utilise des cookies afin d\u2019am\u00e9liorer votre exp\u00e9rience de navigation, d\u2019analyser le trafic et de vous proposer des publicit\u00e9s personnalis\u00e9es. En continuant \u00e0 utiliser notre site, vous acceptez l\u2019utilisation des cookies conform\u00e9ment \u00e0 cette politique. TYPES DE COOKIES UTILIS\u00c9S Nous utilisons les types de cookies suivants sur [&hellip;]","og_url":"https:\/\/theberlinwall.com\/ca\/politica-de-privacitat\/","og_site_name":"Exposici\u00f3n El Muro de Berl\u00edn en Barcelona | Espacio Inmersa","article_publisher":"https:\/\/www.facebook.com\/BerlinWallExhibition","article_modified_time":"2025-10-08T11:16:06+00:00","twitter_card":"summary_large_image","twitter_site":"@_berlinwall","twitter_misc":{"Temps estimat de lectura":"3 minuts"},"schema":{"@context":"https:\/\/schema.org","@graph":[{"@type":"WebPage","@id":"https:\/\/theberlinwall.com\/ca\/politica-de-privacitat\/","url":"https:\/\/theberlinwall.com\/ca\/politica-de-privacitat\/","name":"Pol\u00edtica de privacitat - Exposici\u00f3n El Muro de Berl\u00edn en Barcelona | Espacio Inmersa","isPartOf":{"@id":"https:\/\/theberlinwall.com\/#website"},"datePublished":"2024-02-21T12:00:54+00:00","dateModified":"2025-10-08T11:16:06+00:00","breadcrumb":{"@id":"https:\/\/theberlinwall.com\/ca\/politica-de-privacitat\/#breadcrumb"},"inLanguage":"ca","potentialAction":[{"@type":"ReadAction","target":["https:\/\/theberlinwall.com\/ca\/politica-de-privacitat\/"]}]},{"@type":"BreadcrumbList","@id":"https:\/\/theberlinwall.com\/ca\/politica-de-privacitat\/#breadcrumb","itemListElement":[{"@type":"ListItem","position":1,"name":"Portada","item":"https:\/\/theberlinwall.com\/ca\/home\/"},{"@type":"ListItem","position":2,"name":"Pol\u00edtica de privacitat"}]},{"@type":"WebSite","@id":"https:\/\/theberlinwall.com\/#website","url":"https:\/\/theberlinwall.com\/","name":"Le Mur de Berlin Un Monde Divis\u00e9","description":"Sum\u00e9rgete en la historia del Muro de Berl\u00edn en el Espacio Inmersa de Barcelona. Una exposici\u00f3n excepcional con m\u00e1s de 200 objetos originales.","publisher":{"@id":"https:\/\/theberlinwall.com\/#organization"},"potentialAction":[{"@type":"SearchAction","target":{"@type":"EntryPoint","urlTemplate":"https:\/\/theberlinwall.com\/?s={search_term_string}"},"query-input":{"@type":"PropertyValueSpecification","valueRequired":true,"valueName":"search_term_string"}}],"inLanguage":"ca"},{"@type":"Organization","@id":"https:\/\/theberlinwall.com\/#organization","name":"Le Mur de Berlin - Un Monde Divis\u00e9","url":"https:\/\/theberlinwall.com\/","logo":{"@type":"ImageObject","inLanguage":"ca","@id":"https:\/\/theberlinwall.com\/#\/schema\/logo\/image\/","url":"https:\/\/theberlinwall.com\/wp-content\/uploads\/2025\/10\/06_144_14_Logo_CAT_RGB_ColorBlanco_PROD.svg","contentUrl":"https:\/\/theberlinwall.com\/wp-content\/uploads\/2025\/10\/06_144_14_Logo_CAT_RGB_ColorBlanco_PROD.svg","caption":"Le Mur de Berlin - Un Monde Divis\u00e9"},"image":{"@id":"https:\/\/theberlinwall.com\/#\/schema\/logo\/image\/"},"sameAs":["https:\/\/www.facebook.com\/BerlinWallExhibition","https:\/\/x.com\/_berlinwall","https:\/\/www.instagram.com\/_berlinwall\/"]}]}},"_links":{"self":[{"href":"https:\/\/theberlinwall.com\/ca\/wp-json\/wp\/v2\/pages\/7560","targetHints":{"allow":["GET"]}}],"collection":[{"href":"https:\/\/theberlinwall.com\/ca\/wp-json\/wp\/v2\/pages"}],"about":[{"href":"https:\/\/theberlinwall.com\/ca\/wp-json\/wp\/v2\/types\/page"}],"author":[{"embeddable":true,"href":"https:\/\/theberlinwall.com\/ca\/wp-json\/wp\/v2\/users\/1"}],"replies":[{"embeddable":true,"href":"https:\/\/theberlinwall.com\/ca\/wp-json\/wp\/v2\/comments?post=7560"}],"version-history":[{"count":1,"href":"https:\/\/theberlinwall.com\/ca\/wp-json\/wp\/v2\/pages\/7560\/revisions"}],"predecessor-version":[{"id":7561,"href":"https:\/\/theberlinwall.com\/ca\/wp-json\/wp\/v2\/pages\/7560\/revisions\/7561"}],"wp:attachment":[{"href":"https:\/\/theberlinwall.com\/ca\/wp-json\/wp\/v2\/media?parent=7560"}],"curies":[{"name":"wp","href":"https:\/\/api.w.org\/{rel}","templated":true}]}}