{"id":7573,"date":"2025-10-09T15:09:25","date_gmt":"2025-10-09T13:09:25","guid":{"rendered":"https:\/\/theberlinwall.com\/avis-legalaviso-legal\/"},"modified":"2025-10-09T15:29:11","modified_gmt":"2025-10-09T13:29:11","slug":"avis-legalaviso-legal","status":"publish","type":"page","link":"https:\/\/theberlinwall.com\/ca\/avis-legalaviso-legal\/","title":{"rendered":"Av\u00eds LegalAviso Legal"},"content":{"rendered":"\t\t<div data-elementor-type=\"wp-page\" data-elementor-id=\"7573\" class=\"elementor elementor-7573 elementor-7563\" data-elementor-post-type=\"page\">\n\t\t\t\t<div class=\"elementor-element elementor-element-0091921 e-flex e-con-boxed e-con e-parent\" data-id=\"0091921\" data-element_type=\"container\" data-e-type=\"container\">\n\t\t\t\t\t<div class=\"e-con-inner\">\n\t\t\t\t<div class=\"elementor-element elementor-element-9fdae08 elementor-widget elementor-widget-text-editor\" data-id=\"9fdae08\" data-element_type=\"widget\" data-e-type=\"widget\" data-widget_type=\"text-editor.default\">\n\t\t\t\t<div class=\"elementor-widget-container\">\n\t\t\t\t\t\t\t\t\t<p>En compliment amb el deure d\u2019informaci\u00f3 recollit a l\u2019article 10 de la Llei 34\/2002, d\u201911 de juliol, de Serveis de la Societat de la Informaci\u00f3 i del Comer\u00e7 Electr\u00f2nic (LSSI-CE), s\u2019informa els usuaris de les dades seg\u00fcents:<\/p><p><strong>Titular:<\/strong> Musealia Exhibitions &amp; Museums, S.L.<br><strong>C.I.F.:<\/strong> B17618745<br><strong>Domicilio social:<\/strong> Paseo de los Fueros 1, 1H, 20005 San Sebasti\u00e1n, Espa\u00f1a<br><strong>Tel\u00e9fono:<\/strong> +34 943 44 55 79<br><strong>Correo electr\u00f3nico:<\/strong> info@musealia.net<br><strong>Sitios web:<\/strong> <a href=\"https:\/\/www.theberlinwall.com\/\">www.theberlinwall.com<\/a>, <a href=\"https:\/\/www.elmurodeberlin.com\/\">www.elmurodeberlin.com<\/a>, <a href=\"https:\/\/www.elmurdeberlin.com\/\">www.elmurdeberlin.com<\/a><\/p><p>Musealia Exhibitions &amp; Museums, S.L. (d\u2019ara endavant, <em>Musealia)<\/em> \u00e9s titular dels llocs web esmentats i responsable del seu contingut.<\/p><p>L\u2019acc\u00e9s i\/o \u00fas d\u2019aquests llocs web atribueix la condici\u00f3 d\u2019usuari, que accepta des d\u2019aquest acc\u00e9s i\/o \u00fas les presents condicions.<\/p><p>L\u2019usuari es compromet a fer un \u00fas adequat dels continguts i serveis que Musealia ofereix a trav\u00e9s dels seus llocs web i a no emprar-los per a activitats il\u00b7l\u00edcites o contr\u00e0ries a la bona fe i a l\u2019ordre p\u00fablic.<\/p><p>Musealia no es fa responsable de l\u2019\u00fas indegut que es faci dels continguts dels seus llocs web, essent responsabilitat exclusiva de la persona que hi accedeixi o els utilitzi.<\/p><p>Musealia es reserva el dret d\u2019efectuar, sense av\u00eds previ, les modificacions que consideri oportunes, podent canviar, suprimir o afegir tant els continguts i serveis com la manera en qu\u00e8 aquests apareguin presentats o localitzats.<\/p><p>Tots els continguts dels llocs web (textos, fotografies, gr\u00e0fics, imatges, logotips, icones, programari, aix\u00ed com el seu disseny gr\u00e0fic i codis font) s\u00f3n propietat intel\u00b7lectual de Musealia o de tercers, sense que es puguin entendre cedits a l\u2019usuari cap dels drets d\u2019explotaci\u00f3 m\u00e9s enll\u00e0 del que sigui estrictament necessari per a l\u2019\u00fas de les webs.<\/p><p>El present av\u00eds legal es regeix \u00edntegrament per la legislaci\u00f3 espanyola.<\/p>\t\t\t\t\t\t\t\t<\/div>\n\t\t\t\t<\/div>\n\t\t\t\t\t<\/div>\n\t\t\t\t<\/div>\n\t\t\t\t<\/div>\n\t\t","protected":false},"excerpt":{"rendered":"<p>En compliment amb el deure d\u2019informaci\u00f3 recollit a l\u2019article 10 de la Llei 34\/2002, d\u201911 de juliol, de Serveis de la Societat de la Informaci\u00f3 i del Comer\u00e7 Electr\u00f2nic (LSSI-CE), s\u2019informa els usuaris de les dades seg\u00fcents: Titular: Musealia Exhibitions &amp; Museums, S.L.C.I.F.: B17618745Domicilio social: Paseo de los Fueros 1, 1H, 20005 San Sebasti\u00e1n, Espa\u00f1aTel\u00e9fono: [&hellip;]<\/p>\n","protected":false},"author":1,"featured_media":0,"parent":0,"menu_order":0,"comment_status":"closed","ping_status":"closed","template":"","meta":{"_acf_changed":false,"_mo_disable_npp":"","footnotes":""},"class_list":["post-7573","page","type-page","status-publish","hentry"],"acf":[],"yoast_head":"<!-- This site is optimized with the Yoast SEO plugin v27.3 - https:\/\/yoast.com\/product\/yoast-seo-wordpress\/ -->\n<title>Av\u00eds LegalAviso Legal - Exposici\u00f3n El Muro de Berl\u00edn en Barcelona | Espacio Inmersa<\/title>\n<meta name=\"robots\" content=\"index, follow, max-snippet:-1, max-image-preview:large, max-video-preview:-1\" \/>\n<link rel=\"canonical\" href=\"https:\/\/theberlinwall.com\/ca\/avis-legalaviso-legal\/\" \/>\n<meta property=\"og:locale\" content=\"ca_ES\" \/>\n<meta property=\"og:type\" content=\"article\" \/>\n<meta property=\"og:title\" content=\"Av\u00eds LegalAviso Legal - Exposici\u00f3n El Muro de Berl\u00edn en Barcelona | Espacio Inmersa\" \/>\n<meta property=\"og:description\" content=\"En compliment amb el deure d\u2019informaci\u00f3 recollit a l\u2019article 10 de la Llei 34\/2002, d\u201911 de juliol, de Serveis de la Societat de la Informaci\u00f3 i del Comer\u00e7 Electr\u00f2nic (LSSI-CE), s\u2019informa els usuaris de les dades seg\u00fcents: Titular: Musealia Exhibitions &amp; Museums, S.L.C.I.F.: B17618745Domicilio social: Paseo de los Fueros 1, 1H, 20005 San Sebasti\u00e1n, Espa\u00f1aTel\u00e9fono: [&hellip;]\" \/>\n<meta property=\"og:url\" content=\"https:\/\/theberlinwall.com\/ca\/avis-legalaviso-legal\/\" \/>\n<meta property=\"og:site_name\" content=\"Exposici\u00f3n El Muro de Berl\u00edn en Barcelona | Espacio Inmersa\" \/>\n<meta property=\"article:publisher\" content=\"https:\/\/www.facebook.com\/BerlinWallExhibition\" \/>\n<meta property=\"article:modified_time\" content=\"2025-10-09T13:29:11+00:00\" \/>\n<meta name=\"twitter:card\" content=\"summary_large_image\" \/>\n<meta name=\"twitter:site\" content=\"@_berlinwall\" \/>\n<meta name=\"twitter:label1\" content=\"Temps estimat de lectura\" \/>\n\t<meta name=\"twitter:data1\" content=\"2 minuts\" \/>\n<script type=\"application\/ld+json\" class=\"yoast-schema-graph\">{\"@context\":\"https:\\\/\\\/schema.org\",\"@graph\":[{\"@type\":\"WebPage\",\"@id\":\"https:\\\/\\\/theberlinwall.com\\\/ca\\\/avis-legalaviso-legal\\\/\",\"url\":\"https:\\\/\\\/theberlinwall.com\\\/ca\\\/avis-legalaviso-legal\\\/\",\"name\":\"Av\u00eds LegalAviso Legal - Exposici\u00f3n El Muro de Berl\u00edn en Barcelona | Espacio Inmersa\",\"isPartOf\":{\"@id\":\"https:\\\/\\\/theberlinwall.com\\\/#website\"},\"datePublished\":\"2025-10-09T13:09:25+00:00\",\"dateModified\":\"2025-10-09T13:29:11+00:00\",\"breadcrumb\":{\"@id\":\"https:\\\/\\\/theberlinwall.com\\\/ca\\\/avis-legalaviso-legal\\\/#breadcrumb\"},\"inLanguage\":\"ca\",\"potentialAction\":[{\"@type\":\"ReadAction\",\"target\":[\"https:\\\/\\\/theberlinwall.com\\\/ca\\\/avis-legalaviso-legal\\\/\"]}]},{\"@type\":\"BreadcrumbList\",\"@id\":\"https:\\\/\\\/theberlinwall.com\\\/ca\\\/avis-legalaviso-legal\\\/#breadcrumb\",\"itemListElement\":[{\"@type\":\"ListItem\",\"position\":1,\"name\":\"Portada\",\"item\":\"https:\\\/\\\/theberlinwall.com\\\/ca\\\/home\\\/\"},{\"@type\":\"ListItem\",\"position\":2,\"name\":\"Av\u00eds LegalAviso Legal\"}]},{\"@type\":\"WebSite\",\"@id\":\"https:\\\/\\\/theberlinwall.com\\\/#website\",\"url\":\"https:\\\/\\\/theberlinwall.com\\\/\",\"name\":\"Le Mur de Berlin Un Monde Divis\u00e9\",\"description\":\"Sum\u00e9rgete en la historia del Muro de Berl\u00edn en el Espacio Inmersa de Barcelona. Una exposici\u00f3n excepcional con m\u00e1s de 200 objetos originales.\",\"publisher\":{\"@id\":\"https:\\\/\\\/theberlinwall.com\\\/#organization\"},\"potentialAction\":[{\"@type\":\"SearchAction\",\"target\":{\"@type\":\"EntryPoint\",\"urlTemplate\":\"https:\\\/\\\/theberlinwall.com\\\/?s={search_term_string}\"},\"query-input\":{\"@type\":\"PropertyValueSpecification\",\"valueRequired\":true,\"valueName\":\"search_term_string\"}}],\"inLanguage\":\"ca\"},{\"@type\":\"Organization\",\"@id\":\"https:\\\/\\\/theberlinwall.com\\\/#organization\",\"name\":\"Le Mur de Berlin - Un Monde Divis\u00e9\",\"url\":\"https:\\\/\\\/theberlinwall.com\\\/\",\"logo\":{\"@type\":\"ImageObject\",\"inLanguage\":\"ca\",\"@id\":\"https:\\\/\\\/theberlinwall.com\\\/#\\\/schema\\\/logo\\\/image\\\/\",\"url\":\"https:\\\/\\\/theberlinwall.com\\\/wp-content\\\/uploads\\\/2025\\\/10\\\/06_144_14_Logo_CAT_RGB_ColorBlanco_PROD.svg\",\"contentUrl\":\"https:\\\/\\\/theberlinwall.com\\\/wp-content\\\/uploads\\\/2025\\\/10\\\/06_144_14_Logo_CAT_RGB_ColorBlanco_PROD.svg\",\"caption\":\"Le Mur de Berlin - Un Monde Divis\u00e9\"},\"image\":{\"@id\":\"https:\\\/\\\/theberlinwall.com\\\/#\\\/schema\\\/logo\\\/image\\\/\"},\"sameAs\":[\"https:\\\/\\\/www.facebook.com\\\/BerlinWallExhibition\",\"https:\\\/\\\/x.com\\\/_berlinwall\",\"https:\\\/\\\/www.instagram.com\\\/_berlinwall\\\/\"]}]}<\/script>\n<!-- \/ Yoast SEO plugin. -->","yoast_head_json":{"title":"Av\u00eds LegalAviso Legal - Exposici\u00f3n El Muro de Berl\u00edn en Barcelona | Espacio Inmersa","robots":{"index":"index","follow":"follow","max-snippet":"max-snippet:-1","max-image-preview":"max-image-preview:large","max-video-preview":"max-video-preview:-1"},"canonical":"https:\/\/theberlinwall.com\/ca\/avis-legalaviso-legal\/","og_locale":"ca_ES","og_type":"article","og_title":"Av\u00eds LegalAviso Legal - Exposici\u00f3n El Muro de Berl\u00edn en Barcelona | Espacio Inmersa","og_description":"En compliment amb el deure d\u2019informaci\u00f3 recollit a l\u2019article 10 de la Llei 34\/2002, d\u201911 de juliol, de Serveis de la Societat de la Informaci\u00f3 i del Comer\u00e7 Electr\u00f2nic (LSSI-CE), s\u2019informa els usuaris de les dades seg\u00fcents: Titular: Musealia Exhibitions &amp; Museums, S.L.C.I.F.: B17618745Domicilio social: Paseo de los Fueros 1, 1H, 20005 San Sebasti\u00e1n, Espa\u00f1aTel\u00e9fono: [&hellip;]","og_url":"https:\/\/theberlinwall.com\/ca\/avis-legalaviso-legal\/","og_site_name":"Exposici\u00f3n El Muro de Berl\u00edn en Barcelona | Espacio Inmersa","article_publisher":"https:\/\/www.facebook.com\/BerlinWallExhibition","article_modified_time":"2025-10-09T13:29:11+00:00","twitter_card":"summary_large_image","twitter_site":"@_berlinwall","twitter_misc":{"Temps estimat de lectura":"2 minuts"},"schema":{"@context":"https:\/\/schema.org","@graph":[{"@type":"WebPage","@id":"https:\/\/theberlinwall.com\/ca\/avis-legalaviso-legal\/","url":"https:\/\/theberlinwall.com\/ca\/avis-legalaviso-legal\/","name":"Av\u00eds LegalAviso Legal - Exposici\u00f3n El Muro de Berl\u00edn en Barcelona | Espacio Inmersa","isPartOf":{"@id":"https:\/\/theberlinwall.com\/#website"},"datePublished":"2025-10-09T13:09:25+00:00","dateModified":"2025-10-09T13:29:11+00:00","breadcrumb":{"@id":"https:\/\/theberlinwall.com\/ca\/avis-legalaviso-legal\/#breadcrumb"},"inLanguage":"ca","potentialAction":[{"@type":"ReadAction","target":["https:\/\/theberlinwall.com\/ca\/avis-legalaviso-legal\/"]}]},{"@type":"BreadcrumbList","@id":"https:\/\/theberlinwall.com\/ca\/avis-legalaviso-legal\/#breadcrumb","itemListElement":[{"@type":"ListItem","position":1,"name":"Portada","item":"https:\/\/theberlinwall.com\/ca\/home\/"},{"@type":"ListItem","position":2,"name":"Av\u00eds LegalAviso Legal"}]},{"@type":"WebSite","@id":"https:\/\/theberlinwall.com\/#website","url":"https:\/\/theberlinwall.com\/","name":"Le Mur de Berlin Un Monde Divis\u00e9","description":"Sum\u00e9rgete en la historia del Muro de Berl\u00edn en el Espacio Inmersa de Barcelona. Una exposici\u00f3n excepcional con m\u00e1s de 200 objetos originales.","publisher":{"@id":"https:\/\/theberlinwall.com\/#organization"},"potentialAction":[{"@type":"SearchAction","target":{"@type":"EntryPoint","urlTemplate":"https:\/\/theberlinwall.com\/?s={search_term_string}"},"query-input":{"@type":"PropertyValueSpecification","valueRequired":true,"valueName":"search_term_string"}}],"inLanguage":"ca"},{"@type":"Organization","@id":"https:\/\/theberlinwall.com\/#organization","name":"Le Mur de Berlin - Un Monde Divis\u00e9","url":"https:\/\/theberlinwall.com\/","logo":{"@type":"ImageObject","inLanguage":"ca","@id":"https:\/\/theberlinwall.com\/#\/schema\/logo\/image\/","url":"https:\/\/theberlinwall.com\/wp-content\/uploads\/2025\/10\/06_144_14_Logo_CAT_RGB_ColorBlanco_PROD.svg","contentUrl":"https:\/\/theberlinwall.com\/wp-content\/uploads\/2025\/10\/06_144_14_Logo_CAT_RGB_ColorBlanco_PROD.svg","caption":"Le Mur de Berlin - Un Monde Divis\u00e9"},"image":{"@id":"https:\/\/theberlinwall.com\/#\/schema\/logo\/image\/"},"sameAs":["https:\/\/www.facebook.com\/BerlinWallExhibition","https:\/\/x.com\/_berlinwall","https:\/\/www.instagram.com\/_berlinwall\/"]}]}},"_links":{"self":[{"href":"https:\/\/theberlinwall.com\/ca\/wp-json\/wp\/v2\/pages\/7573","targetHints":{"allow":["GET"]}}],"collection":[{"href":"https:\/\/theberlinwall.com\/ca\/wp-json\/wp\/v2\/pages"}],"about":[{"href":"https:\/\/theberlinwall.com\/ca\/wp-json\/wp\/v2\/types\/page"}],"author":[{"embeddable":true,"href":"https:\/\/theberlinwall.com\/ca\/wp-json\/wp\/v2\/users\/1"}],"replies":[{"embeddable":true,"href":"https:\/\/theberlinwall.com\/ca\/wp-json\/wp\/v2\/comments?post=7573"}],"version-history":[{"count":1,"href":"https:\/\/theberlinwall.com\/ca\/wp-json\/wp\/v2\/pages\/7573\/revisions"}],"predecessor-version":[{"id":7574,"href":"https:\/\/theberlinwall.com\/ca\/wp-json\/wp\/v2\/pages\/7573\/revisions\/7574"}],"wp:attachment":[{"href":"https:\/\/theberlinwall.com\/ca\/wp-json\/wp\/v2\/media?parent=7573"}],"curies":[{"name":"wp","href":"https:\/\/api.w.org\/{rel}","templated":true}]}}