{"id":5801,"date":"2025-02-27T15:43:15","date_gmt":"2025-02-27T14:43:15","guid":{"rendered":"https:\/\/theberlinwall.com\/tickets\/"},"modified":"2025-07-30T11:37:27","modified_gmt":"2025-07-30T09:37:27","slug":"tickets","status":"publish","type":"page","link":"https:\/\/theberlinwall.com\/en\/tickets\/","title":{"rendered":"Tickets"},"content":{"rendered":"\t\t<div data-elementor-type=\"wp-page\" data-elementor-id=\"5801\" class=\"elementor elementor-5801 elementor-5772\" data-elementor-post-type=\"page\">\n\t\t\t\t<div class=\"elementor-element elementor-element-4ddc6b9 e-flex e-con-boxed e-con e-parent\" data-id=\"4ddc6b9\" data-element_type=\"container\" data-e-type=\"container\">\n\t\t\t\t\t<div class=\"e-con-inner\">\n\t\t\t\t<div class=\"elementor-element elementor-element-a7362c6 elementor-widget elementor-widget-heading\" data-id=\"a7362c6\" data-element_type=\"widget\" data-e-type=\"widget\" data-widget_type=\"heading.default\">\n\t\t\t\t<div class=\"elementor-widget-container\">\n\t\t\t\t\t<h1 class=\"elementor-heading-title elementor-size-default\">Tickets<\/h1>\t\t\t\t<\/div>\n\t\t\t\t<\/div>\n\t\t\t\t\t<\/div>\n\t\t\t\t<\/div>\n\t\t<div class=\"elementor-element elementor-element-53c545b e-flex e-con-boxed e-con e-parent\" data-id=\"53c545b\" data-element_type=\"container\" data-e-type=\"container\">\n\t\t\t\t\t<div class=\"e-con-inner\">\n\t\t\t\t<div class=\"elementor-element elementor-element-09a73ff elementor-widget-divider--view-line elementor-widget elementor-widget-divider\" data-id=\"09a73ff\" data-element_type=\"widget\" data-e-type=\"widget\" data-widget_type=\"divider.default\">\n\t\t\t\t<div class=\"elementor-widget-container\">\n\t\t\t\t\t\t\t<div class=\"elementor-divider\">\n\t\t\t<span class=\"elementor-divider-separator\">\n\t\t\t\t\t\t<\/span>\n\t\t<\/div>\n\t\t\t\t\t\t<\/div>\n\t\t\t\t<\/div>\n\t\t\t\t<div class=\"elementor-element elementor-element-427f8e7 elementor-widget elementor-widget-html\" data-id=\"427f8e7\" data-element_type=\"widget\" data-e-type=\"widget\" data-widget_type=\"html.default\">\n\t\t\t\t<div class=\"elementor-widget-container\">\n\t\t\t\t\t<script>\n  enviso.settings.apiKey = 'HThX7h\/2ekyOQSKA6+Sepg==';\n  enviso.settings.salesPointId = 2590;\n  enviso.settings.offerId = 18649;\n  enviso.settings.language = 'en';\n<\/script>\n\n<enviso-style>\n  <style>\n    :root {\n      --enviso-primary-color: #f05b2b;\n      --enviso-secondary-color: #f05b2b;\n    }\n  <\/style>\n<\/enviso-style>\n\n<!-- Ticket widget -->\n<enviso-ticket-widget \n  show-offer-specs=\"false\"\n  offer-type=\"ticket\" \n  show-prices=\"false\">\n<\/enviso-ticket-widget>\n\t\t\t\t<\/div>\n\t\t\t\t<\/div>\n\t\t\t\t<div class=\"elementor-element elementor-element-b37cc9e elementor-widget elementor-widget-heading\" data-id=\"b37cc9e\" data-element_type=\"widget\" data-e-type=\"widget\" data-widget_type=\"heading.default\">\n\t\t\t\t<div class=\"elementor-widget-container\">\n\t\t\t\t\t<h2 class=\"elementor-heading-title elementor-size-default\">groups<\/h2>\t\t\t\t<\/div>\n\t\t\t\t<\/div>\n\t\t\t\t\t<\/div>\n\t\t\t\t<\/div>\n\t\t<div class=\"elementor-element elementor-element-4ff7462 e-grid e-con-boxed e-con e-parent\" data-id=\"4ff7462\" data-element_type=\"container\" data-e-type=\"container\">\n\t\t\t\t\t<div class=\"e-con-inner\">\n\t\t\t\t<div class=\"elementor-element elementor-element-53e357d elementor-cta--layout-image-left elementor-cta--skin-classic elementor-animated-content elementor-bg-transform elementor-bg-transform-zoom-in elementor-widget elementor-widget-call-to-action\" data-id=\"53e357d\" data-element_type=\"widget\" data-e-type=\"widget\" data-widget_type=\"call-to-action.default\">\n\t\t\t\t<div class=\"elementor-widget-container\">\n\t\t\t\t\t\t\t<a class=\"elementor-cta\" href=\"https:\/\/sibforms.com\/serve\/MUIFAFLFiFhN-3rStV7OsOdpjtezafIAs9_6fL98LavhgfkQvbhcrPimK_ZSLSIjFomSZ5wWO4rqpELMXPBsAIBrTb3QbczCchnuCJ5r8cScg4Kop4xP2GzYxhGyUPOc5unrixvXrXSxeK23SopMMO8nJ2p9Td-sN55t0wULubdThUptg8nlI3EhDHfJyPG8OQjMriGnQh3vFEWG\">\n\t\t\t\t\t\t\t<div class=\"elementor-cta__content\">\n\t\t\t\t\n\t\t\t\t\t\t\t\t\t<h2 class=\"elementor-cta__title elementor-cta__content-item elementor-content-item\">\n\t\t\t\t\t\tSCHOOL GROUPS\t\t\t\t\t<\/h2>\n\t\t\t\t\n\t\t\t\t\t\t\t\t\t<div class=\"elementor-cta__description elementor-cta__content-item elementor-content-item\">\n\t\t\t\t\t\tIf you are an school group you can book your visit at a reduced rate\t\t\t\t\t<\/div>\n\t\t\t\t\n\t\t\t\t\t\t\t\t\t<div class=\"elementor-cta__button-wrapper elementor-cta__content-item elementor-content-item \">\n\t\t\t\t\t<span class=\"elementor-cta__button elementor-button elementor-size-\">\n\t\t\t\t\t\tMake your reservation here\t\t\t\t\t<\/span>\n\t\t\t\t\t<\/div>\n\t\t\t\t\t\t\t<\/div>\n\t\t\t\t\t\t\t<div class=\"elementor-ribbon\">\n\t\t\t\t<div class=\"elementor-ribbon-inner\">\n\t\t\t\t\t8 \u20ac\t\t\t\t<\/div>\n\t\t\t<\/div>\n\t\t\t\t<\/a>\n\t\t\t\t\t\t<\/div>\n\t\t\t\t<\/div>\n\t\t\t\t<div class=\"elementor-element elementor-element-823ded7 elementor-cta--skin-classic elementor-animated-content elementor-bg-transform elementor-bg-transform-zoom-in elementor-widget elementor-widget-call-to-action\" data-id=\"823ded7\" data-element_type=\"widget\" data-e-type=\"widget\" data-widget_type=\"call-to-action.default\">\n\t\t\t\t<div class=\"elementor-widget-container\">\n\t\t\t\t\t\t\t<a class=\"elementor-cta\" href=\"https:\/\/theberlinwall.com\/en\/tickets-2\/\">\n\t\t\t\t\t\t\t<div class=\"elementor-cta__content\">\n\t\t\t\t\n\t\t\t\t\t\t\t\t\t<h2 class=\"elementor-cta__title elementor-cta__content-item elementor-content-item\">\n\t\t\t\t\t\tADULT GROUPS\t\t\t\t\t<\/h2>\n\t\t\t\t\n\t\t\t\t\t\t\t\t\t<div class=\"elementor-cta__description elementor-cta__content-item elementor-content-item\">\n\t\t\t\t\t\tBook a group of more than 10 people and get a reduced fare\t\t\t\t\t<\/div>\n\t\t\t\t\n\t\t\t\t\t\t\t\t\t<div class=\"elementor-cta__button-wrapper elementor-cta__content-item elementor-content-item \">\n\t\t\t\t\t<span class=\"elementor-cta__button elementor-button elementor-size-\">\n\t\t\t\t\t\tBook your group here\t\t\t\t\t<\/span>\n\t\t\t\t\t<\/div>\n\t\t\t\t\t\t\t<\/div>\n\t\t\t\t\t\t\t<div class=\"elementor-ribbon\">\n\t\t\t\t<div class=\"elementor-ribbon-inner\">\n\t\t\t\t\t12 \u20ac\t\t\t\t<\/div>\n\t\t\t<\/div>\n\t\t\t\t<\/a>\n\t\t\t\t\t\t<\/div>\n\t\t\t\t<\/div>\n\t\t\t\t\t<\/div>\n\t\t\t\t<\/div>\n\t\t\t\t<\/div>\n\t\t","protected":false},"excerpt":{"rendered":"<p>Tickets groups SCHOOL GROUPS If you are an school group you can book your visit at a reduced rate Make your reservation here 8 \u20ac ADULT GROUPS Book a group of more than 10 people and get a reduced fare Book your group here 12 \u20ac<\/p>\n","protected":false},"author":1,"featured_media":0,"parent":0,"menu_order":0,"comment_status":"closed","ping_status":"closed","template":"","meta":{"_acf_changed":false,"_mo_disable_npp":"","footnotes":""},"class_list":["post-5801","page","type-page","status-publish","hentry"],"acf":[],"yoast_head":"<!-- This site is optimized with the Yoast SEO plugin v27.3 - https:\/\/yoast.com\/product\/yoast-seo-wordpress\/ -->\n<title>Tickets - The Berlin Wall A Word Divided in Paris<\/title>\n<meta name=\"description\" content=\"Book your tickets for The Berlin Wall exhibition in Paris, a unique historical experience. Book your visit now so you don&#039;t miss out.\" \/>\n<meta name=\"robots\" content=\"index, follow, max-snippet:-1, max-image-preview:large, max-video-preview:-1\" \/>\n<link rel=\"canonical\" href=\"https:\/\/theberlinwall.com\/en\/tickets\/\" \/>\n<meta property=\"og:locale\" content=\"en_US\" \/>\n<meta property=\"og:type\" content=\"article\" \/>\n<meta property=\"og:title\" content=\"Tickets - The Berlin Wall A Word Divided in Paris\" \/>\n<meta property=\"og:description\" content=\"Book your tickets for The Berlin Wall exhibition in Paris, a unique historical experience. Book your visit now so you don&#039;t miss out.\" \/>\n<meta property=\"og:url\" content=\"https:\/\/theberlinwall.com\/en\/tickets\/\" \/>\n<meta property=\"og:site_name\" content=\"Exposici\u00f3n El Muro de Berl\u00edn en Barcelona | Espacio Inmersa\" \/>\n<meta property=\"article:publisher\" content=\"https:\/\/www.facebook.com\/BerlinWallExhibition\" \/>\n<meta property=\"article:modified_time\" content=\"2025-07-30T09:37:27+00:00\" \/>\n<meta name=\"twitter:card\" content=\"summary_large_image\" \/>\n<meta name=\"twitter:site\" content=\"@_berlinwall\" \/>\n<meta name=\"twitter:label1\" content=\"Est. reading time\" \/>\n\t<meta name=\"twitter:data1\" content=\"1 minute\" \/>\n<script type=\"application\/ld+json\" class=\"yoast-schema-graph\">{\"@context\":\"https:\\\/\\\/schema.org\",\"@graph\":[{\"@type\":\"WebPage\",\"@id\":\"https:\\\/\\\/theberlinwall.com\\\/en\\\/tickets\\\/\",\"url\":\"https:\\\/\\\/theberlinwall.com\\\/en\\\/tickets\\\/\",\"name\":\"Tickets - The Berlin Wall A Word Divided in Paris\",\"isPartOf\":{\"@id\":\"https:\\\/\\\/theberlinwall.com\\\/#website\"},\"datePublished\":\"2025-02-27T14:43:15+00:00\",\"dateModified\":\"2025-07-30T09:37:27+00:00\",\"description\":\"Book your tickets for The Berlin Wall exhibition in Paris, a unique historical experience. Book your visit now so you don't miss out.\",\"breadcrumb\":{\"@id\":\"https:\\\/\\\/theberlinwall.com\\\/en\\\/tickets\\\/#breadcrumb\"},\"inLanguage\":\"en-US\",\"potentialAction\":[{\"@type\":\"ReadAction\",\"target\":[\"https:\\\/\\\/theberlinwall.com\\\/en\\\/tickets\\\/\"]}]},{\"@type\":\"BreadcrumbList\",\"@id\":\"https:\\\/\\\/theberlinwall.com\\\/en\\\/tickets\\\/#breadcrumb\",\"itemListElement\":[{\"@type\":\"ListItem\",\"position\":1,\"name\":\"Portada\",\"item\":\"https:\\\/\\\/theberlinwall.com\\\/en\\\/home\\\/\"},{\"@type\":\"ListItem\",\"position\":2,\"name\":\"Tickets\"}]},{\"@type\":\"WebSite\",\"@id\":\"https:\\\/\\\/theberlinwall.com\\\/#website\",\"url\":\"https:\\\/\\\/theberlinwall.com\\\/\",\"name\":\"Le Mur de Berlin Un Monde Divis\u00e9\",\"description\":\"Sum\u00e9rgete en la historia del Muro de Berl\u00edn en el Espacio Inmersa de Barcelona. Una exposici\u00f3n excepcional con m\u00e1s de 200 objetos originales.\",\"publisher\":{\"@id\":\"https:\\\/\\\/theberlinwall.com\\\/#organization\"},\"potentialAction\":[{\"@type\":\"SearchAction\",\"target\":{\"@type\":\"EntryPoint\",\"urlTemplate\":\"https:\\\/\\\/theberlinwall.com\\\/?s={search_term_string}\"},\"query-input\":{\"@type\":\"PropertyValueSpecification\",\"valueRequired\":true,\"valueName\":\"search_term_string\"}}],\"inLanguage\":\"en-US\"},{\"@type\":\"Organization\",\"@id\":\"https:\\\/\\\/theberlinwall.com\\\/#organization\",\"name\":\"Le Mur de Berlin - Un Monde Divis\u00e9\",\"url\":\"https:\\\/\\\/theberlinwall.com\\\/\",\"logo\":{\"@type\":\"ImageObject\",\"inLanguage\":\"en-US\",\"@id\":\"https:\\\/\\\/theberlinwall.com\\\/#\\\/schema\\\/logo\\\/image\\\/\",\"url\":\"https:\\\/\\\/theberlinwall.com\\\/wp-content\\\/uploads\\\/2025\\\/10\\\/06_144_14_Logo_ING_RGB_ColorWhite_PROD-3.svg\",\"contentUrl\":\"https:\\\/\\\/theberlinwall.com\\\/wp-content\\\/uploads\\\/2025\\\/10\\\/06_144_14_Logo_ING_RGB_ColorWhite_PROD-3.svg\",\"width\":1417,\"height\":453,\"caption\":\"Le Mur de Berlin - Un Monde Divis\u00e9\"},\"image\":{\"@id\":\"https:\\\/\\\/theberlinwall.com\\\/#\\\/schema\\\/logo\\\/image\\\/\"},\"sameAs\":[\"https:\\\/\\\/www.facebook.com\\\/BerlinWallExhibition\",\"https:\\\/\\\/x.com\\\/_berlinwall\",\"https:\\\/\\\/www.instagram.com\\\/_berlinwall\\\/\"]}]}<\/script>\n<!-- \/ Yoast SEO plugin. -->","yoast_head_json":{"title":"Tickets - The Berlin Wall A Word Divided in Paris","description":"Book your tickets for The Berlin Wall exhibition in Paris, a unique historical experience. Book your visit now so you don't miss out.","robots":{"index":"index","follow":"follow","max-snippet":"max-snippet:-1","max-image-preview":"max-image-preview:large","max-video-preview":"max-video-preview:-1"},"canonical":"https:\/\/theberlinwall.com\/en\/tickets\/","og_locale":"en_US","og_type":"article","og_title":"Tickets - The Berlin Wall A Word Divided in Paris","og_description":"Book your tickets for The Berlin Wall exhibition in Paris, a unique historical experience. Book your visit now so you don't miss out.","og_url":"https:\/\/theberlinwall.com\/en\/tickets\/","og_site_name":"Exposici\u00f3n El Muro de Berl\u00edn en Barcelona | Espacio Inmersa","article_publisher":"https:\/\/www.facebook.com\/BerlinWallExhibition","article_modified_time":"2025-07-30T09:37:27+00:00","twitter_card":"summary_large_image","twitter_site":"@_berlinwall","twitter_misc":{"Est. reading time":"1 minute"},"schema":{"@context":"https:\/\/schema.org","@graph":[{"@type":"WebPage","@id":"https:\/\/theberlinwall.com\/en\/tickets\/","url":"https:\/\/theberlinwall.com\/en\/tickets\/","name":"Tickets - The Berlin Wall A Word Divided in Paris","isPartOf":{"@id":"https:\/\/theberlinwall.com\/#website"},"datePublished":"2025-02-27T14:43:15+00:00","dateModified":"2025-07-30T09:37:27+00:00","description":"Book your tickets for The Berlin Wall exhibition in Paris, a unique historical experience. Book your visit now so you don't miss out.","breadcrumb":{"@id":"https:\/\/theberlinwall.com\/en\/tickets\/#breadcrumb"},"inLanguage":"en-US","potentialAction":[{"@type":"ReadAction","target":["https:\/\/theberlinwall.com\/en\/tickets\/"]}]},{"@type":"BreadcrumbList","@id":"https:\/\/theberlinwall.com\/en\/tickets\/#breadcrumb","itemListElement":[{"@type":"ListItem","position":1,"name":"Portada","item":"https:\/\/theberlinwall.com\/en\/home\/"},{"@type":"ListItem","position":2,"name":"Tickets"}]},{"@type":"WebSite","@id":"https:\/\/theberlinwall.com\/#website","url":"https:\/\/theberlinwall.com\/","name":"Le Mur de Berlin Un Monde Divis\u00e9","description":"Sum\u00e9rgete en la historia del Muro de Berl\u00edn en el Espacio Inmersa de Barcelona. Una exposici\u00f3n excepcional con m\u00e1s de 200 objetos originales.","publisher":{"@id":"https:\/\/theberlinwall.com\/#organization"},"potentialAction":[{"@type":"SearchAction","target":{"@type":"EntryPoint","urlTemplate":"https:\/\/theberlinwall.com\/?s={search_term_string}"},"query-input":{"@type":"PropertyValueSpecification","valueRequired":true,"valueName":"search_term_string"}}],"inLanguage":"en-US"},{"@type":"Organization","@id":"https:\/\/theberlinwall.com\/#organization","name":"Le Mur de Berlin - Un Monde Divis\u00e9","url":"https:\/\/theberlinwall.com\/","logo":{"@type":"ImageObject","inLanguage":"en-US","@id":"https:\/\/theberlinwall.com\/#\/schema\/logo\/image\/","url":"https:\/\/theberlinwall.com\/wp-content\/uploads\/2025\/10\/06_144_14_Logo_ING_RGB_ColorWhite_PROD-3.svg","contentUrl":"https:\/\/theberlinwall.com\/wp-content\/uploads\/2025\/10\/06_144_14_Logo_ING_RGB_ColorWhite_PROD-3.svg","width":1417,"height":453,"caption":"Le Mur de Berlin - Un Monde Divis\u00e9"},"image":{"@id":"https:\/\/theberlinwall.com\/#\/schema\/logo\/image\/"},"sameAs":["https:\/\/www.facebook.com\/BerlinWallExhibition","https:\/\/x.com\/_berlinwall","https:\/\/www.instagram.com\/_berlinwall\/"]}]}},"_links":{"self":[{"href":"https:\/\/theberlinwall.com\/en\/wp-json\/wp\/v2\/pages\/5801","targetHints":{"allow":["GET"]}}],"collection":[{"href":"https:\/\/theberlinwall.com\/en\/wp-json\/wp\/v2\/pages"}],"about":[{"href":"https:\/\/theberlinwall.com\/en\/wp-json\/wp\/v2\/types\/page"}],"author":[{"embeddable":true,"href":"https:\/\/theberlinwall.com\/en\/wp-json\/wp\/v2\/users\/1"}],"replies":[{"embeddable":true,"href":"https:\/\/theberlinwall.com\/en\/wp-json\/wp\/v2\/comments?post=5801"}],"version-history":[{"count":138,"href":"https:\/\/theberlinwall.com\/en\/wp-json\/wp\/v2\/pages\/5801\/revisions"}],"predecessor-version":[{"id":7096,"href":"https:\/\/theberlinwall.com\/en\/wp-json\/wp\/v2\/pages\/5801\/revisions\/7096"}],"wp:attachment":[{"href":"https:\/\/theberlinwall.com\/en\/wp-json\/wp\/v2\/media?parent=5801"}],"curies":[{"name":"wp","href":"https:\/\/api.w.org\/{rel}","templated":true}]}}