{"id":6727,"date":"2025-04-28T15:47:03","date_gmt":"2025-04-28T13:47:03","guid":{"rendered":"https:\/\/theberlinwall.com\/?page_id=6727"},"modified":"2025-06-20T10:08:28","modified_gmt":"2025-06-20T08:08:28","slug":"tickets-2","status":"publish","type":"page","link":"https:\/\/theberlinwall.com\/en\/tickets-2\/","title":{"rendered":"Tickets Adult Groups"},"content":{"rendered":"\t\t<div data-elementor-type=\"wp-page\" data-elementor-id=\"6727\" class=\"elementor elementor-6727\" data-elementor-post-type=\"page\">\n\t\t\t\t<div class=\"elementor-element elementor-element-4ddc6b9 e-flex e-con-boxed e-con e-parent\" data-id=\"4ddc6b9\" data-element_type=\"container\" data-e-type=\"container\">\n\t\t\t\t\t<div class=\"e-con-inner\">\n\t\t\t\t<div class=\"elementor-element elementor-element-a7362c6 elementor-widget elementor-widget-heading\" data-id=\"a7362c6\" data-element_type=\"widget\" data-e-type=\"widget\" data-widget_type=\"heading.default\">\n\t\t\t\t<div class=\"elementor-widget-container\">\n\t\t\t\t\t<h1 class=\"elementor-heading-title elementor-size-default\">Tickets<\/h1>\t\t\t\t<\/div>\n\t\t\t\t<\/div>\n\t\t\t\t\t<\/div>\n\t\t\t\t<\/div>\n\t\t<div class=\"elementor-element elementor-element-53c545b e-flex e-con-boxed e-con e-parent\" data-id=\"53c545b\" data-element_type=\"container\" data-e-type=\"container\">\n\t\t\t\t\t<div class=\"e-con-inner\">\n\t\t\t\t<div class=\"elementor-element elementor-element-427f8e7 elementor-widget elementor-widget-html\" data-id=\"427f8e7\" data-element_type=\"widget\" data-e-type=\"widget\" data-widget_type=\"html.default\">\n\t\t\t\t<div class=\"elementor-widget-container\">\n\t\t\t\t\t<script>enviso.settings.apiKey = 'HThX7h\/2ekyOQSKA6+Sepg==';\n    enviso.settings.salesPointId = 2590;\n    enviso.settings.offerId = 17946;\n    enviso.settings.language = 'en'\n<\/script><!-- Setting CSS Variables (for all elements)--><enviso-style><style>:root {\n        --enviso-primary-color: #f05b2b;\n        --enviso-secondary-color: #f05b2b;\n    }\n\n  <\/style><\/enviso-style><!-- Widget de tickets --><enviso-ticket-widget terms=\"https:\/\/theberlinwall.com\/wp-content\/uploads\/2025\/05\/General_Terms_and_Conditions_Exhibition_EN_04.pdf\"><\/enviso-ticket-widget>\n  <\/enviso-ticket-widget>\t\t\t\t<\/div>\n\t\t\t\t<\/div>\n\t\t\t\t\t<\/div>\n\t\t\t\t<\/div>\n\t\t<div class=\"elementor-element elementor-element-19efb86 e-flex e-con-boxed e-con e-parent\" data-id=\"19efb86\" data-element_type=\"container\" data-e-type=\"container\">\n\t\t\t\t\t<div class=\"e-con-inner\">\n\t\t\t\t<div class=\"elementor-element elementor-element-ca07c4d elementor-widget elementor-widget-heading\" data-id=\"ca07c4d\" data-element_type=\"widget\" data-e-type=\"widget\" data-widget_type=\"heading.default\">\n\t\t\t\t<div class=\"elementor-widget-container\">\n\t\t\t\t\t<p class=\"elementor-heading-title elementor-size-default\"><a href=\"https:\/\/sibforms.com\/serve\/MUIFAFLFiFhN-3rStV7OsOdpjtezafIAs9_6fL98LavhgfkQvbhcrPimK_ZSLSIjFomSZ5wWO4rqpELMXPBsAIBrTb3QbczCchnuCJ5r8cScg4Kop4xP2GzYxhGyUPOc5unrixvXrXSxeK23SopMMO8nJ2p9Td-sN55t0wULubdThUptg8nlI3EhDHfJyPG8OQjMriGnQh3vFEWG\">Are you a school group?\nMake your reservation here<\/a><\/p>\t\t\t\t<\/div>\n\t\t\t\t<\/div>\n\t\t\t\t\t<\/div>\n\t\t\t\t<\/div>\n\t\t\t\t<\/div>\n\t\t","protected":false},"excerpt":{"rendered":"<p>Tickets Are you a school group? Make your reservation here<\/p>\n","protected":false},"author":2,"featured_media":0,"parent":0,"menu_order":0,"comment_status":"closed","ping_status":"closed","template":"","meta":{"_acf_changed":false,"_mo_disable_npp":"","footnotes":""},"class_list":["post-6727","page","type-page","status-publish","hentry"],"acf":[],"yoast_head":"<!-- This site is optimized with the Yoast SEO plugin v27.3 - https:\/\/yoast.com\/product\/yoast-seo-wordpress\/ -->\n<title>Group Tickets for Adults \u2013 The Berlin Wall A Wolrd Divided in Paris<\/title>\n<meta name=\"description\" content=\"Get group ticket options for adults to visit The Berlin Wall exhibition in Paris. Book your visit now so you don&#039;t miss out.\" \/>\n<meta name=\"robots\" content=\"index, follow, max-snippet:-1, max-image-preview:large, max-video-preview:-1\" \/>\n<link rel=\"canonical\" href=\"https:\/\/theberlinwall.com\/en\/tickets-2\/\" \/>\n<meta property=\"og:locale\" content=\"en_US\" \/>\n<meta property=\"og:type\" content=\"article\" \/>\n<meta property=\"og:title\" content=\"Group Tickets for Adults \u2013 The Berlin Wall A Wolrd Divided in Paris\" \/>\n<meta property=\"og:description\" content=\"Get group ticket options for adults to visit The Berlin Wall exhibition in Paris. Book your visit now so you don&#039;t miss out.\" \/>\n<meta property=\"og:url\" content=\"https:\/\/theberlinwall.com\/en\/tickets-2\/\" \/>\n<meta property=\"og:site_name\" content=\"Exposici\u00f3n El Muro de Berl\u00edn en Barcelona | Espacio Inmersa\" \/>\n<meta property=\"article:publisher\" content=\"https:\/\/www.facebook.com\/BerlinWallExhibition\" \/>\n<meta property=\"article:modified_time\" content=\"2025-06-20T08:08:28+00:00\" \/>\n<meta name=\"twitter:card\" content=\"summary_large_image\" \/>\n<meta name=\"twitter:site\" content=\"@_berlinwall\" \/>\n<meta name=\"twitter:label1\" content=\"Est. reading time\" \/>\n\t<meta name=\"twitter:data1\" content=\"1 minute\" \/>\n<script type=\"application\/ld+json\" class=\"yoast-schema-graph\">{\"@context\":\"https:\\\/\\\/schema.org\",\"@graph\":[{\"@type\":\"WebPage\",\"@id\":\"https:\\\/\\\/theberlinwall.com\\\/en\\\/tickets-2\\\/\",\"url\":\"https:\\\/\\\/theberlinwall.com\\\/en\\\/tickets-2\\\/\",\"name\":\"Group Tickets for Adults \u2013 The Berlin Wall A Wolrd Divided in Paris\",\"isPartOf\":{\"@id\":\"https:\\\/\\\/theberlinwall.com\\\/#website\"},\"datePublished\":\"2025-04-28T13:47:03+00:00\",\"dateModified\":\"2025-06-20T08:08:28+00:00\",\"description\":\"Get group ticket options for adults to visit The Berlin Wall exhibition in Paris. Book your visit now so you don't miss out.\",\"breadcrumb\":{\"@id\":\"https:\\\/\\\/theberlinwall.com\\\/en\\\/tickets-2\\\/#breadcrumb\"},\"inLanguage\":\"en-US\",\"potentialAction\":[{\"@type\":\"ReadAction\",\"target\":[\"https:\\\/\\\/theberlinwall.com\\\/en\\\/tickets-2\\\/\"]}]},{\"@type\":\"BreadcrumbList\",\"@id\":\"https:\\\/\\\/theberlinwall.com\\\/en\\\/tickets-2\\\/#breadcrumb\",\"itemListElement\":[{\"@type\":\"ListItem\",\"position\":1,\"name\":\"Portada\",\"item\":\"https:\\\/\\\/theberlinwall.com\\\/en\\\/home\\\/\"},{\"@type\":\"ListItem\",\"position\":2,\"name\":\"Tickets Adult Groups\"}]},{\"@type\":\"WebSite\",\"@id\":\"https:\\\/\\\/theberlinwall.com\\\/#website\",\"url\":\"https:\\\/\\\/theberlinwall.com\\\/\",\"name\":\"Le Mur de Berlin Un Monde Divis\u00e9\",\"description\":\"Sum\u00e9rgete en la historia del Muro de Berl\u00edn en el Espacio Inmersa de Barcelona. Una exposici\u00f3n excepcional con m\u00e1s de 200 objetos originales.\",\"publisher\":{\"@id\":\"https:\\\/\\\/theberlinwall.com\\\/#organization\"},\"potentialAction\":[{\"@type\":\"SearchAction\",\"target\":{\"@type\":\"EntryPoint\",\"urlTemplate\":\"https:\\\/\\\/theberlinwall.com\\\/?s={search_term_string}\"},\"query-input\":{\"@type\":\"PropertyValueSpecification\",\"valueRequired\":true,\"valueName\":\"search_term_string\"}}],\"inLanguage\":\"en-US\"},{\"@type\":\"Organization\",\"@id\":\"https:\\\/\\\/theberlinwall.com\\\/#organization\",\"name\":\"Le Mur de Berlin - Un Monde Divis\u00e9\",\"url\":\"https:\\\/\\\/theberlinwall.com\\\/\",\"logo\":{\"@type\":\"ImageObject\",\"inLanguage\":\"en-US\",\"@id\":\"https:\\\/\\\/theberlinwall.com\\\/#\\\/schema\\\/logo\\\/image\\\/\",\"url\":\"https:\\\/\\\/theberlinwall.com\\\/wp-content\\\/uploads\\\/2025\\\/10\\\/06_144_14_Logo_ING_RGB_ColorWhite_PROD-3.svg\",\"contentUrl\":\"https:\\\/\\\/theberlinwall.com\\\/wp-content\\\/uploads\\\/2025\\\/10\\\/06_144_14_Logo_ING_RGB_ColorWhite_PROD-3.svg\",\"width\":1417,\"height\":453,\"caption\":\"Le Mur de Berlin - Un Monde Divis\u00e9\"},\"image\":{\"@id\":\"https:\\\/\\\/theberlinwall.com\\\/#\\\/schema\\\/logo\\\/image\\\/\"},\"sameAs\":[\"https:\\\/\\\/www.facebook.com\\\/BerlinWallExhibition\",\"https:\\\/\\\/x.com\\\/_berlinwall\",\"https:\\\/\\\/www.instagram.com\\\/_berlinwall\\\/\"]}]}<\/script>\n<!-- \/ Yoast SEO plugin. -->","yoast_head_json":{"title":"Group Tickets for Adults \u2013 The Berlin Wall A Wolrd Divided in Paris","description":"Get group ticket options for adults to visit The Berlin Wall exhibition in Paris. Book your visit now so you don't miss out.","robots":{"index":"index","follow":"follow","max-snippet":"max-snippet:-1","max-image-preview":"max-image-preview:large","max-video-preview":"max-video-preview:-1"},"canonical":"https:\/\/theberlinwall.com\/en\/tickets-2\/","og_locale":"en_US","og_type":"article","og_title":"Group Tickets for Adults \u2013 The Berlin Wall A Wolrd Divided in Paris","og_description":"Get group ticket options for adults to visit The Berlin Wall exhibition in Paris. Book your visit now so you don't miss out.","og_url":"https:\/\/theberlinwall.com\/en\/tickets-2\/","og_site_name":"Exposici\u00f3n El Muro de Berl\u00edn en Barcelona | Espacio Inmersa","article_publisher":"https:\/\/www.facebook.com\/BerlinWallExhibition","article_modified_time":"2025-06-20T08:08:28+00:00","twitter_card":"summary_large_image","twitter_site":"@_berlinwall","twitter_misc":{"Est. reading time":"1 minute"},"schema":{"@context":"https:\/\/schema.org","@graph":[{"@type":"WebPage","@id":"https:\/\/theberlinwall.com\/en\/tickets-2\/","url":"https:\/\/theberlinwall.com\/en\/tickets-2\/","name":"Group Tickets for Adults \u2013 The Berlin Wall A Wolrd Divided in Paris","isPartOf":{"@id":"https:\/\/theberlinwall.com\/#website"},"datePublished":"2025-04-28T13:47:03+00:00","dateModified":"2025-06-20T08:08:28+00:00","description":"Get group ticket options for adults to visit The Berlin Wall exhibition in Paris. Book your visit now so you don't miss out.","breadcrumb":{"@id":"https:\/\/theberlinwall.com\/en\/tickets-2\/#breadcrumb"},"inLanguage":"en-US","potentialAction":[{"@type":"ReadAction","target":["https:\/\/theberlinwall.com\/en\/tickets-2\/"]}]},{"@type":"BreadcrumbList","@id":"https:\/\/theberlinwall.com\/en\/tickets-2\/#breadcrumb","itemListElement":[{"@type":"ListItem","position":1,"name":"Portada","item":"https:\/\/theberlinwall.com\/en\/home\/"},{"@type":"ListItem","position":2,"name":"Tickets Adult Groups"}]},{"@type":"WebSite","@id":"https:\/\/theberlinwall.com\/#website","url":"https:\/\/theberlinwall.com\/","name":"Le Mur de Berlin Un Monde Divis\u00e9","description":"Sum\u00e9rgete en la historia del Muro de Berl\u00edn en el Espacio Inmersa de Barcelona. Una exposici\u00f3n excepcional con m\u00e1s de 200 objetos originales.","publisher":{"@id":"https:\/\/theberlinwall.com\/#organization"},"potentialAction":[{"@type":"SearchAction","target":{"@type":"EntryPoint","urlTemplate":"https:\/\/theberlinwall.com\/?s={search_term_string}"},"query-input":{"@type":"PropertyValueSpecification","valueRequired":true,"valueName":"search_term_string"}}],"inLanguage":"en-US"},{"@type":"Organization","@id":"https:\/\/theberlinwall.com\/#organization","name":"Le Mur de Berlin - Un Monde Divis\u00e9","url":"https:\/\/theberlinwall.com\/","logo":{"@type":"ImageObject","inLanguage":"en-US","@id":"https:\/\/theberlinwall.com\/#\/schema\/logo\/image\/","url":"https:\/\/theberlinwall.com\/wp-content\/uploads\/2025\/10\/06_144_14_Logo_ING_RGB_ColorWhite_PROD-3.svg","contentUrl":"https:\/\/theberlinwall.com\/wp-content\/uploads\/2025\/10\/06_144_14_Logo_ING_RGB_ColorWhite_PROD-3.svg","width":1417,"height":453,"caption":"Le Mur de Berlin - Un Monde Divis\u00e9"},"image":{"@id":"https:\/\/theberlinwall.com\/#\/schema\/logo\/image\/"},"sameAs":["https:\/\/www.facebook.com\/BerlinWallExhibition","https:\/\/x.com\/_berlinwall","https:\/\/www.instagram.com\/_berlinwall\/"]}]}},"_links":{"self":[{"href":"https:\/\/theberlinwall.com\/en\/wp-json\/wp\/v2\/pages\/6727","targetHints":{"allow":["GET"]}}],"collection":[{"href":"https:\/\/theberlinwall.com\/en\/wp-json\/wp\/v2\/pages"}],"about":[{"href":"https:\/\/theberlinwall.com\/en\/wp-json\/wp\/v2\/types\/page"}],"author":[{"embeddable":true,"href":"https:\/\/theberlinwall.com\/en\/wp-json\/wp\/v2\/users\/2"}],"replies":[{"embeddable":true,"href":"https:\/\/theberlinwall.com\/en\/wp-json\/wp\/v2\/comments?post=6727"}],"version-history":[{"count":10,"href":"https:\/\/theberlinwall.com\/en\/wp-json\/wp\/v2\/pages\/6727\/revisions"}],"predecessor-version":[{"id":6928,"href":"https:\/\/theberlinwall.com\/en\/wp-json\/wp\/v2\/pages\/6727\/revisions\/6928"}],"wp:attachment":[{"href":"https:\/\/theberlinwall.com\/en\/wp-json\/wp\/v2\/media?parent=6727"}],"curies":[{"name":"wp","href":"https:\/\/api.w.org\/{rel}","templated":true}]}}