{"id":7233,"date":"2025-09-29T09:34:01","date_gmt":"2025-09-29T07:34:01","guid":{"rendered":"https:\/\/theberlinwall.com\/formulario02\/"},"modified":"2025-09-29T10:54:03","modified_gmt":"2025-09-29T08:54:03","slug":"formulario02","status":"publish","type":"page","link":"https:\/\/theberlinwall.com\/en\/formulario02\/","title":{"rendered":"Formulario02"},"content":{"rendered":"\t\t<div data-elementor-type=\"wp-page\" data-elementor-id=\"7233\" class=\"elementor elementor-7233 elementor-7208\" data-elementor-post-type=\"page\">\n\t\t\t\t<div class=\"elementor-element elementor-element-a62938f e-con-full e-flex e-con e-parent\" data-id=\"a62938f\" data-element_type=\"container\" data-e-type=\"container\" data-settings=\"{&quot;background_background&quot;:&quot;video&quot;,&quot;background_video_link&quot;:&quot;https:\\\/\\\/www.youtube.com\\\/watch?v=NupD151IWzI&quot;}\">\n\t\t<div class=\"elementor-background-video-container elementor-hidden-mobile\">\n\t\t\t\t\t\t\t<div class=\"elementor-background-video-embed\" role=\"presentation\"><\/div>\n\t\t\t\t\t\t<\/div><div class=\"elementor-element elementor-element-0b89124 e-con-full e-flex e-con e-child\" data-id=\"0b89124\" data-element_type=\"container\" data-e-type=\"container\" data-settings=\"{&quot;background_background&quot;:&quot;classic&quot;}\">\n\t\t<div class=\"elementor-element elementor-element-1060d52 e-con-full e-flex e-con e-child\" data-id=\"1060d52\" data-element_type=\"container\" data-e-type=\"container\" data-settings=\"{&quot;background_background&quot;:&quot;classic&quot;}\">\n\t\t\t\t<div class=\"elementor-element elementor-element-18038c0 elementor-widget elementor-widget-image\" data-id=\"18038c0\" data-element_type=\"widget\" data-e-type=\"widget\" data-widget_type=\"image.default\">\n\t\t\t\t<div class=\"elementor-widget-container\">\n\t\t\t\t\t\t\t\t\t\t\t\t\t\t\t<img fetchpriority=\"high\" decoding=\"async\" width=\"1417\" height=\"453\" src=\"https:\/\/theberlinwall.com\/wp-content\/uploads\/2025\/10\/06_144_14_Logo_ING_RGB_ColorWhite_PROD-3.svg\" class=\"attachment-full size-full wp-image-7674\" alt=\"The Berlin Wall. A World Divided - Logo\" \/>\t\t\t\t\t\t\t\t\t\t\t\t\t\t\t<\/div>\n\t\t\t\t<\/div>\n\t\t\t\t<\/div>\n\t\t\t\t<\/div>\n\t\t<div class=\"elementor-element elementor-element-c122a23 e-con-full e-flex e-con e-child\" data-id=\"c122a23\" data-element_type=\"container\" data-e-type=\"container\" data-settings=\"{&quot;background_background&quot;:&quot;classic&quot;}\">\n\t\t\t\t<div class=\"elementor-element elementor-element-50523ea elementor-widget elementor-widget-text-editor\" data-id=\"50523ea\" data-element_type=\"widget\" data-e-type=\"widget\" data-widget_type=\"text-editor.default\">\n\t\t\t\t<div class=\"elementor-widget-container\">\n\t\t\t\t\t\t\t\t\t<p>Next destination soon to be announced: suscribe to receive the latest news<\/p>\t\t\t\t\t\t\t\t<\/div>\n\t\t\t\t<\/div>\n\t\t\t\t<\/div>\n\t\t<div class=\"elementor-element elementor-element-b4298a0 e-flex e-con-boxed e-con e-child\" data-id=\"b4298a0\" data-element_type=\"container\" data-e-type=\"container\" data-settings=\"{&quot;background_background&quot;:&quot;classic&quot;}\">\n\t\t\t\t\t<div class=\"e-con-inner\">\n\t\t\t\t<div class=\"elementor-element elementor-element-1209b68 elementor-widget elementor-widget-html\" data-id=\"1209b68\" data-element_type=\"widget\" data-e-type=\"widget\" data-widget_type=\"html.default\">\n\t\t\t\t<div class=\"elementor-widget-container\">\n\t\t\t\t\t<!-- Begin Brevo Form -->\n<!-- START - We recommend to place the below code in head tag of your website html  -->\n<style>\n  @font-face {\n    font-display: block;\n    font-family: Roboto;\n    src: url(https:\/\/assets.brevo.com\/font\/Roboto\/Latin\/normal\/normal\/7529907e9eaf8ebb5220c5f9850e3811.woff2) format(\"woff2\"), url(https:\/\/assets.brevo.com\/font\/Roboto\/Latin\/normal\/normal\/25c678feafdc175a70922a116c9be3e7.woff) format(\"woff\")\n  }\n\n  @font-face {\n    font-display: fallback;\n    font-family: Roboto;\n    font-weight: 600;\n    src: url(https:\/\/assets.brevo.com\/font\/Roboto\/Latin\/medium\/normal\/6e9caeeafb1f3491be3e32744bc30440.woff2) format(\"woff2\"), url(https:\/\/assets.brevo.com\/font\/Roboto\/Latin\/medium\/normal\/71501f0d8d5aa95960f6475d5487d4c2.woff) format(\"woff\")\n  }\n\n  @font-face {\n    font-display: fallback;\n    font-family: Roboto;\n    font-weight: 700;\n    src: url(https:\/\/assets.brevo.com\/font\/Roboto\/Latin\/bold\/normal\/3ef7cf158f310cf752d5ad08cd0e7e60.woff2) format(\"woff2\"), url(https:\/\/assets.brevo.com\/font\/Roboto\/Latin\/bold\/normal\/ece3a1d82f18b60bcce0211725c476aa.woff) format(\"woff\")\n  }\n\n  #sib-container input:-ms-input-placeholder {\n    text-align: left;\n    font-family: Helvetica, sans-serif;\n    color: #c0ccda;\n  }\n\n  #sib-container input::placeholder {\n    text-align: left;\n    font-family: Helvetica, sans-serif;\n    color: #c0ccda;\n  }\n\n  #sib-container textarea::placeholder {\n    text-align: left;\n    font-family: Helvetica, sans-serif;\n    color: #c0ccda;\n  }\n\n  #sib-container a {\n    text-decoration: underline;\n    color: #2BB2FC;\n  }\n<\/style>\n<link rel=\"stylesheet\" href=\"https:\/\/sibforms.com\/forms\/end-form\/build\/sib-styles.css\">\n<!--  END - We recommend to place the above code in head tag of your website html -->\n\n<!-- START - We recommend to place the below code where you want the form in your website html  -->\n<div class=\"sib-form\" style=\"text-align: center;\">\n  <div id=\"sib-form-container\" class=\"sib-form-container\">\n    <div id=\"error-message\" class=\"sib-form-message-panel\" style=\"font-size:16px; text-align:left; font-family:Helvetica, sans-serif; color:#661d1d; background-color:#ffeded; border-radius:3px; border-color:#ff4949;max-width:540px;\">\n      <div class=\"sib-form-message-panel__text sib-form-message-panel__text--center\">\n        <svg viewbox=\"0 0 512 512\" class=\"sib-icon sib-notification__icon\">\n          <path d=\"M256 40c118.621 0 216 96.075 216 216 0 119.291-96.61 216-216 216-119.244 0-216-96.562-216-216 0-119.203 96.602-216 216-216m0-32C119.043 8 8 119.083 8 256c0 136.997 111.043 248 248 248s248-111.003 248-248C504 119.083 392.957 8 256 8zm-11.49 120h22.979c6.823 0 12.274 5.682 11.99 12.5l-7 168c-.268 6.428-5.556 11.5-11.99 11.5h-8.979c-6.433 0-11.722-5.073-11.99-11.5l-7-168c-.283-6.818 5.167-12.5 11.99-12.5zM256 340c-15.464 0-28 12.536-28 28s12.536 28 28 28 28-12.536 28-28-12.536-28-28-28z\"\/>\n        <\/svg>\n        <span class=\"sib-form-message-panel__inner-text\">\n We are unable to validate your registration.\n                      <\/span>\n      <\/div>\n    <\/div>\n    <div><\/div>\n    <div id=\"success-message\" class=\"sib-form-message-panel\" style=\"font-size:16px; text-align:left; font-family:Helvetica, sans-serif; color:#085229; background-color:#e7faf0; border-radius:3px; border-color:#13ce66;max-width:540px;\">\n      <div class=\"sib-form-message-panel__text sib-form-message-panel__text--center\">\n        <svg viewbox=\"0 0 512 512\" class=\"sib-icon sib-notification__icon\">\n          <path d=\"M256 8C119.033 8 8 119.033 8 256s111.033 248 248 248 248-111.033 248-248S392.967 8 256 8zm0 464c-118.664 0-216-96.055-216-216 0-118.663 96.055-216 216-216 118.664 0 216 96.055 216 216 0 118.663-96.055 216-216 216zm141.63-274.961L217.15 376.071c-4.705 4.667-12.303 4.637-16.97-.068l-85.878-86.572c-4.667-4.705-4.637-12.303.068-16.97l8.52-8.451c4.705-4.667 12.303-4.637 16.97.068l68.976 69.533 163.441-162.13c4.705-4.667 12.303-4.637 16.97.068l8.451 8.52c4.668 4.705 4.637 12.303-.068 16.97z\"\/>\n        <\/svg>\n        <span class=\"sib-form-message-panel__inner-text\">\n You are registered.\n                      <\/span>\n      <\/div>\n    <\/div>\n    <div><\/div>\n    <div id=\"sib-container\" class=\"sib-container--large sib-container--vertical\" style=\"text-align:center; background-color:rgba(255,255,255,1); max-width:540px; border-radius:3px; border-width:1px; border-color:#C0CCD9; border-style:solid; direction:ltr\">\n      <form id=\"sib-form\" method=\"POST\" action=\"https:\/\/669500ba.sibforms.com\/serve\/MUIFANVuIC6mfBSWPmuHOZED-3F3TZ0ZA_FB0egA8y6C782Wsu90scD1ZnxdpIQiZIjfTXkqO3Xe52w4KJVM2-8-nN60d9gszU6hs3QPFtmdZWko2aptKd_Yo8j_y3uwXvrkNa3wXSz_dSelpHq4XmmQZj5N9eKauAFh4TmfL3do_vhZRjLuS8wc_VPQ1prgqRsZwfTVlKJmWfe-\" data-type=\"subscription\">\n        <div style=\"padding: 8px 0;\">\n          <div class=\"sib-form-block\" style=\"font-size:32px; text-align:left; font-weight:700; font-family:Helvetica, sans-serif; color:#3C4858; background-color:transparent; text-align:left\">\n            <p>Subscribe to the waiting list\n            \n        <\/p>\n          <\/div>\n        <\/div>\n        <div style=\"padding: 8px 0;\">\n          <div class=\"sib-form-block\" style=\"font-size:16px; text-align:left; font-family:Helvetica, sans-serif; color:#3C4858; background-color:transparent; text-align:left\">\n            <div class=\"sib-text-form-block\">\n              <p>And receive the latest information on the upcoming stop of the exhibition<\/p>\n            <\/div>\n          <\/div>\n        <\/div>\n        <div style=\"padding: 8px 0;\">\n          <div class=\"sib-input sib-form-block\">\n            <div class=\"form__entry entry_block\">\n              <div class=\"form__label-row \">\n                <label class=\"entry__label\" style=\"font-weight: 700; text-align:left; font-size:16px; text-align:left; font-weight:700; font-family:Helvetica, sans-serif; color:#3c4858;\" for=\"EMAIL\" data-required=\"*\">Email<\/label>\n\n                <div class=\"entry__field\">\n                  <input class=\"input \" type=\"text\" id=\"EMAIL\" name=\"EMAIL\" autocomplete=\"off\" data-required=\"true\" required=\"\">\n                <\/div>\n              <\/div>\n\n              <label class=\"entry__error entry__error--primary\" style=\"font-size:16px; text-align:left; font-family:Helvetica, sans-serif; color:#661d1d; background-color:#ffeded; border-radius:3px; border-color:#ff4949;\">\n              <\/label>\n            <\/div>\n          <\/div>\n        <\/div>\n        <div style=\"padding: 8px 0;\">\n          <div class=\"sib-input sib-form-block\">\n            <div class=\"form__entry entry_block\">\n              <div class=\"form__label-row \">\n                <label class=\"entry__label\" style=\"font-weight: 700; text-align:left; font-size:16px; text-align:left; font-weight:700; font-family:Helvetica, sans-serif; color:#3c4858;\" for=\"NOMBRE\" data-required=\"*\">Name<\/label>\n\n                <div class=\"entry__field\">\n                  <input class=\"input \" maxlength=\"200\" type=\"text\" id=\"NOMBRE\" name=\"NOMBRE\" autocomplete=\"off\" data-required=\"true\" required=\"\">\n                <\/div>\n              <\/div>\n\n              <label class=\"entry__error entry__error--primary\" style=\"font-size:16px; text-align:left; font-family:Helvetica, sans-serif; color:#661d1d; background-color:#ffeded; border-radius:3px; border-color:#ff4949;\">\n              <\/label>\n            <\/div>\n          <\/div>\n        <\/div>\n        <div style=\"padding: 8px 0;\">\n          <div class=\"sib-input sib-form-block\">\n            <div class=\"form__entry entry_block\">\n              <div class=\"form__label-row \">\n                <label class=\"entry__label\" style=\"font-weight: 700; text-align:left; font-size:16px; text-align:left; font-weight:700; font-family:Helvetica, sans-serif; color:#3c4858;\" for=\"APELLIDOS\" data-required=\"*\">Last name<\/label>\n\n                <div class=\"entry__field\">\n                  <input class=\"input \" maxlength=\"200\" type=\"text\" id=\"APELLIDOS\" name=\"APELLIDOS\" autocomplete=\"off\" data-required=\"true\" required=\"\">\n                <\/div>\n              <\/div>\n\n              <label class=\"entry__error entry__error--primary\" style=\"font-size:16px; text-align:left; font-family:Helvetica, sans-serif; color:#661d1d; background-color:#ffeded; border-radius:3px; border-color:#ff4949;\">\n              <\/label>\n            <\/div>\n          <\/div>\n        <\/div>\n        <div style=\"padding: 8px 0;\">\n          <div class=\"sib-optin sib-form-block\">\n            <div class=\"form__entry entry_mcq\">\n              <div class=\"form__label-row \">\n                <div class=\"entry__choice\" style=\"\">\n                  <label>\n                    <input type=\"checkbox\" class=\"input_replaced\" value=\"1\" id=\"OPT_IN\" name=\"OPT_IN\">\n                    <span class=\"checkbox checkbox_tick_positive\" style=\"margin-left:\"><\/span><span style=\"font-size:14px; text-align:left; font-family:Helvetica, sans-serif; color:#3C4858; background-color:transparent;\"><p>I agree and accept the general conditions and the reception of emails.<\/p><\/span> <\/label>\n                <\/div>\n              <\/div>\n              <label class=\"entry__error entry__error--primary\" style=\"font-size:16px; text-align:left; font-family:Helvetica, sans-serif; color:#661d1d; background-color:#ffeded; border-radius:3px; border-color:#ff4949;\">\n              <\/label>\n              <label class=\"entry__specification\" style=\"font-size:12px; text-align:left; font-family:Helvetica, sans-serif; color:#8390A4; text-align:left\">\n You can unsubscribe any time through the link available on the emails.\n              <\/label>\n            <\/div>\n          <\/div>\n        <\/div>\n        <div style=\"padding: 8px 0;\">\n          <div class=\"sib-captcha sib-form-block\">\n            <div class=\"form__entry entry_block\">\n              <div class=\"form__label-row \">\n                <script>\n                  function handleCaptchaResponse() {\n                    var event = new Event('captchaChange');\n                    document.getElementById('sib-captcha').dispatchEvent(event);\n                  }\n                <\/script>\n                <div class=\"g-recaptcha sib-visible-recaptcha\" id=\"sib-captcha\" data-sitekey=\"6LfivqQqAAAAALnrfCljpXEewqIEY4Zz-6Cl_9qe\" data-callback=\"handleCaptchaResponse\" style=\"direction:ltr\"><\/div>\n              <\/div>\n              <label class=\"entry__error entry__error--primary\" style=\"font-size:16px; text-align:left; font-family:Helvetica, sans-serif; color:#661d1d; background-color:#ffeded; border-radius:3px; border-color:#ff4949;\">\n              <\/label>\n            <\/div>\n          <\/div>\n        <\/div>\n        <div style=\"padding: 8px 0;\">\n          <div class=\"sib-form-block\" style=\"text-align: left\">\n            <button class=\"sib-form-block__button sib-form-block__button-with-loader\" style=\"font-size:16px; text-align:left; font-weight:700; font-family:Helvetica, sans-serif; color:#FFFFFF; background-color:#f05b2b; border-radius:30px; border-width:0px;\" form=\"sib-form\" type=\"submit\">\n              <svg class=\"icon clickable__icon progress-indicator__icon sib-hide-loader-icon\" viewbox=\"0 0 512 512\">\n                <path d=\"M460.116 373.846l-20.823-12.022c-5.541-3.199-7.54-10.159-4.663-15.874 30.137-59.886 28.343-131.652-5.386-189.946-33.641-58.394-94.896-95.833-161.827-99.676C261.028 55.961 256 50.751 256 44.352V20.309c0-6.904 5.808-12.337 12.703-11.982 83.556 4.306 160.163 50.864 202.11 123.677 42.063 72.696 44.079 162.316 6.031 236.832-3.14 6.148-10.75 8.461-16.728 5.01z\"\/>\n              <\/svg>\n SUSCRIBE HERE\n            <\/button>\n          <\/div>\n        <\/div>\n\n        <input type=\"text\" name=\"email_address_check\" value=\"\" class=\"input--hidden\">\n        <input type=\"hidden\" name=\"locale\" value=\"es\">\n      <\/form>\n    <\/div>\n  <\/div>\n<\/div>\n<!-- END - We recommend to place the above code where you want the form in your website html  -->\n\n<!-- START - We recommend to place the below code in footer or bottom of your website html  -->\n<script>\n  window.REQUIRED_CODE_ERROR_MESSAGE = 'Elija un c\u00f3digo de pa\u00eds';\n  window.LOCALE = 'es';\n  window.EMAIL_INVALID_MESSAGE = window.SMS_INVALID_MESSAGE = \"The information provided is invalid. Please review the field and try again.\";\n\n  window.REQUIRED_ERROR_MESSAGE = \"This field cannot be left blank. \";\n\n  window.GENERIC_INVALID_MESSAGE = \"The information provided is invalid. Please review the field and try again.\";\n\n\n\n\n  window.translation = {\n    common: {\n      selectedList: '{quantity} lista seleccionada',\n      selectedLists: '{quantity} listas seleccionadas'\n    }\n  };\n\n  var AUTOHIDE = Boolean(0);\n<\/script>\n\n<script defer src=\"https:\/\/sibforms.com\/forms\/end-form\/build\/main.js\"><\/script>\n\n<script src=\"https:\/\/www.google.com\/recaptcha\/api.js?hl=es\"><\/script>\n\n<!-- END - We recommend to place the above code in footer or bottom of your website html  -->\n<!-- End Brevo Form -->\t\t\t\t<\/div>\n\t\t\t\t<\/div>\n\t\t\t\t\t<\/div>\n\t\t\t\t<\/div>\n\t\t\t\t<\/div>\n\t\t\t\t<\/div>\n\t\t","protected":false},"excerpt":{"rendered":"<p>Next destination soon to be announced: suscribe to receive the latest news We are unable to validate your registration. You are registered. Subscribe to the waiting list And receive the latest information on the upcoming stop of the exhibition Email Name Last name I agree and accept the general conditions and the reception of emails. [&hellip;]<\/p>\n","protected":false},"author":1,"featured_media":0,"parent":0,"menu_order":0,"comment_status":"closed","ping_status":"closed","template":"","meta":{"_acf_changed":false,"_mo_disable_npp":"","footnotes":""},"class_list":["post-7233","page","type-page","status-publish","hentry"],"acf":[],"yoast_head":"<!-- This site is optimized with the Yoast SEO plugin v27.3 - https:\/\/yoast.com\/product\/yoast-seo-wordpress\/ -->\n<title>Formulario02 - Exposici\u00f3n El Muro de Berl\u00edn en Barcelona | Espacio Inmersa<\/title>\n<meta name=\"robots\" content=\"index, follow, max-snippet:-1, max-image-preview:large, max-video-preview:-1\" \/>\n<link rel=\"canonical\" href=\"https:\/\/theberlinwall.com\/en\/formulario02\/\" \/>\n<meta property=\"og:locale\" content=\"en_US\" \/>\n<meta property=\"og:type\" content=\"article\" \/>\n<meta property=\"og:title\" content=\"Formulario02 - Exposici\u00f3n El Muro de Berl\u00edn en Barcelona | Espacio Inmersa\" \/>\n<meta property=\"og:description\" content=\"Next destination soon to be announced: suscribe to receive the latest news We are unable to validate your registration. You are registered. Subscribe to the waiting list And receive the latest information on the upcoming stop of the exhibition Email Name Last name I agree and accept the general conditions and the reception of emails. [&hellip;]\" \/>\n<meta property=\"og:url\" content=\"https:\/\/theberlinwall.com\/en\/formulario02\/\" \/>\n<meta property=\"og:site_name\" content=\"Exposici\u00f3n El Muro de Berl\u00edn en Barcelona | Espacio Inmersa\" \/>\n<meta property=\"article:publisher\" content=\"https:\/\/www.facebook.com\/BerlinWallExhibition\" \/>\n<meta property=\"article:modified_time\" content=\"2025-09-29T08:54:03+00:00\" \/>\n<meta name=\"twitter:card\" content=\"summary_large_image\" \/>\n<meta name=\"twitter:site\" content=\"@_berlinwall\" \/>\n<meta name=\"twitter:label1\" content=\"Est. reading time\" \/>\n\t<meta name=\"twitter:data1\" content=\"1 minute\" \/>\n<script type=\"application\/ld+json\" class=\"yoast-schema-graph\">{\"@context\":\"https:\\\/\\\/schema.org\",\"@graph\":[{\"@type\":\"WebPage\",\"@id\":\"https:\\\/\\\/theberlinwall.com\\\/en\\\/formulario02\\\/\",\"url\":\"https:\\\/\\\/theberlinwall.com\\\/en\\\/formulario02\\\/\",\"name\":\"Formulario02 - Exposici\u00f3n El Muro de Berl\u00edn en Barcelona | Espacio Inmersa\",\"isPartOf\":{\"@id\":\"https:\\\/\\\/theberlinwall.com\\\/#website\"},\"datePublished\":\"2025-09-29T07:34:01+00:00\",\"dateModified\":\"2025-09-29T08:54:03+00:00\",\"breadcrumb\":{\"@id\":\"https:\\\/\\\/theberlinwall.com\\\/en\\\/formulario02\\\/#breadcrumb\"},\"inLanguage\":\"en-US\",\"potentialAction\":[{\"@type\":\"ReadAction\",\"target\":[\"https:\\\/\\\/theberlinwall.com\\\/en\\\/formulario02\\\/\"]}]},{\"@type\":\"BreadcrumbList\",\"@id\":\"https:\\\/\\\/theberlinwall.com\\\/en\\\/formulario02\\\/#breadcrumb\",\"itemListElement\":[{\"@type\":\"ListItem\",\"position\":1,\"name\":\"Portada\",\"item\":\"https:\\\/\\\/theberlinwall.com\\\/en\\\/home\\\/\"},{\"@type\":\"ListItem\",\"position\":2,\"name\":\"Formulario02\"}]},{\"@type\":\"WebSite\",\"@id\":\"https:\\\/\\\/theberlinwall.com\\\/#website\",\"url\":\"https:\\\/\\\/theberlinwall.com\\\/\",\"name\":\"Le Mur de Berlin Un Monde Divis\u00e9\",\"description\":\"Sum\u00e9rgete en la historia del Muro de Berl\u00edn en el Espacio Inmersa de Barcelona. Una exposici\u00f3n excepcional con m\u00e1s de 200 objetos originales.\",\"publisher\":{\"@id\":\"https:\\\/\\\/theberlinwall.com\\\/#organization\"},\"potentialAction\":[{\"@type\":\"SearchAction\",\"target\":{\"@type\":\"EntryPoint\",\"urlTemplate\":\"https:\\\/\\\/theberlinwall.com\\\/?s={search_term_string}\"},\"query-input\":{\"@type\":\"PropertyValueSpecification\",\"valueRequired\":true,\"valueName\":\"search_term_string\"}}],\"inLanguage\":\"en-US\"},{\"@type\":\"Organization\",\"@id\":\"https:\\\/\\\/theberlinwall.com\\\/#organization\",\"name\":\"Le Mur de Berlin - Un Monde Divis\u00e9\",\"url\":\"https:\\\/\\\/theberlinwall.com\\\/\",\"logo\":{\"@type\":\"ImageObject\",\"inLanguage\":\"en-US\",\"@id\":\"https:\\\/\\\/theberlinwall.com\\\/#\\\/schema\\\/logo\\\/image\\\/\",\"url\":\"https:\\\/\\\/theberlinwall.com\\\/wp-content\\\/uploads\\\/2025\\\/10\\\/06_144_14_Logo_ING_RGB_ColorWhite_PROD-3.svg\",\"contentUrl\":\"https:\\\/\\\/theberlinwall.com\\\/wp-content\\\/uploads\\\/2025\\\/10\\\/06_144_14_Logo_ING_RGB_ColorWhite_PROD-3.svg\",\"width\":1417,\"height\":453,\"caption\":\"Le Mur de Berlin - Un Monde Divis\u00e9\"},\"image\":{\"@id\":\"https:\\\/\\\/theberlinwall.com\\\/#\\\/schema\\\/logo\\\/image\\\/\"},\"sameAs\":[\"https:\\\/\\\/www.facebook.com\\\/BerlinWallExhibition\",\"https:\\\/\\\/x.com\\\/_berlinwall\",\"https:\\\/\\\/www.instagram.com\\\/_berlinwall\\\/\"]}]}<\/script>\n<!-- \/ Yoast SEO plugin. -->","yoast_head_json":{"title":"Formulario02 - Exposici\u00f3n El Muro de Berl\u00edn en Barcelona | Espacio Inmersa","robots":{"index":"index","follow":"follow","max-snippet":"max-snippet:-1","max-image-preview":"max-image-preview:large","max-video-preview":"max-video-preview:-1"},"canonical":"https:\/\/theberlinwall.com\/en\/formulario02\/","og_locale":"en_US","og_type":"article","og_title":"Formulario02 - Exposici\u00f3n El Muro de Berl\u00edn en Barcelona | Espacio Inmersa","og_description":"Next destination soon to be announced: suscribe to receive the latest news We are unable to validate your registration. You are registered. Subscribe to the waiting list And receive the latest information on the upcoming stop of the exhibition Email Name Last name I agree and accept the general conditions and the reception of emails. [&hellip;]","og_url":"https:\/\/theberlinwall.com\/en\/formulario02\/","og_site_name":"Exposici\u00f3n El Muro de Berl\u00edn en Barcelona | Espacio Inmersa","article_publisher":"https:\/\/www.facebook.com\/BerlinWallExhibition","article_modified_time":"2025-09-29T08:54:03+00:00","twitter_card":"summary_large_image","twitter_site":"@_berlinwall","twitter_misc":{"Est. reading time":"1 minute"},"schema":{"@context":"https:\/\/schema.org","@graph":[{"@type":"WebPage","@id":"https:\/\/theberlinwall.com\/en\/formulario02\/","url":"https:\/\/theberlinwall.com\/en\/formulario02\/","name":"Formulario02 - Exposici\u00f3n El Muro de Berl\u00edn en Barcelona | Espacio Inmersa","isPartOf":{"@id":"https:\/\/theberlinwall.com\/#website"},"datePublished":"2025-09-29T07:34:01+00:00","dateModified":"2025-09-29T08:54:03+00:00","breadcrumb":{"@id":"https:\/\/theberlinwall.com\/en\/formulario02\/#breadcrumb"},"inLanguage":"en-US","potentialAction":[{"@type":"ReadAction","target":["https:\/\/theberlinwall.com\/en\/formulario02\/"]}]},{"@type":"BreadcrumbList","@id":"https:\/\/theberlinwall.com\/en\/formulario02\/#breadcrumb","itemListElement":[{"@type":"ListItem","position":1,"name":"Portada","item":"https:\/\/theberlinwall.com\/en\/home\/"},{"@type":"ListItem","position":2,"name":"Formulario02"}]},{"@type":"WebSite","@id":"https:\/\/theberlinwall.com\/#website","url":"https:\/\/theberlinwall.com\/","name":"Le Mur de Berlin Un Monde Divis\u00e9","description":"Sum\u00e9rgete en la historia del Muro de Berl\u00edn en el Espacio Inmersa de Barcelona. Una exposici\u00f3n excepcional con m\u00e1s de 200 objetos originales.","publisher":{"@id":"https:\/\/theberlinwall.com\/#organization"},"potentialAction":[{"@type":"SearchAction","target":{"@type":"EntryPoint","urlTemplate":"https:\/\/theberlinwall.com\/?s={search_term_string}"},"query-input":{"@type":"PropertyValueSpecification","valueRequired":true,"valueName":"search_term_string"}}],"inLanguage":"en-US"},{"@type":"Organization","@id":"https:\/\/theberlinwall.com\/#organization","name":"Le Mur de Berlin - Un Monde Divis\u00e9","url":"https:\/\/theberlinwall.com\/","logo":{"@type":"ImageObject","inLanguage":"en-US","@id":"https:\/\/theberlinwall.com\/#\/schema\/logo\/image\/","url":"https:\/\/theberlinwall.com\/wp-content\/uploads\/2025\/10\/06_144_14_Logo_ING_RGB_ColorWhite_PROD-3.svg","contentUrl":"https:\/\/theberlinwall.com\/wp-content\/uploads\/2025\/10\/06_144_14_Logo_ING_RGB_ColorWhite_PROD-3.svg","width":1417,"height":453,"caption":"Le Mur de Berlin - Un Monde Divis\u00e9"},"image":{"@id":"https:\/\/theberlinwall.com\/#\/schema\/logo\/image\/"},"sameAs":["https:\/\/www.facebook.com\/BerlinWallExhibition","https:\/\/x.com\/_berlinwall","https:\/\/www.instagram.com\/_berlinwall\/"]}]}},"_links":{"self":[{"href":"https:\/\/theberlinwall.com\/en\/wp-json\/wp\/v2\/pages\/7233","targetHints":{"allow":["GET"]}}],"collection":[{"href":"https:\/\/theberlinwall.com\/en\/wp-json\/wp\/v2\/pages"}],"about":[{"href":"https:\/\/theberlinwall.com\/en\/wp-json\/wp\/v2\/types\/page"}],"author":[{"embeddable":true,"href":"https:\/\/theberlinwall.com\/en\/wp-json\/wp\/v2\/users\/1"}],"replies":[{"embeddable":true,"href":"https:\/\/theberlinwall.com\/en\/wp-json\/wp\/v2\/comments?post=7233"}],"version-history":[{"count":19,"href":"https:\/\/theberlinwall.com\/en\/wp-json\/wp\/v2\/pages\/7233\/revisions"}],"predecessor-version":[{"id":7616,"href":"https:\/\/theberlinwall.com\/en\/wp-json\/wp\/v2\/pages\/7233\/revisions\/7616"}],"wp:attachment":[{"href":"https:\/\/theberlinwall.com\/en\/wp-json\/wp\/v2\/media?parent=7233"}],"curies":[{"name":"wp","href":"https:\/\/api.w.org\/{rel}","templated":true}]}}