{"id":7594,"date":"2025-10-09T15:09:25","date_gmt":"2025-10-09T13:09:25","guid":{"rendered":"https:\/\/theberlinwall.com\/legal-notice\/"},"modified":"2025-10-13T09:53:20","modified_gmt":"2025-10-13T07:53:20","slug":"legal-notice","status":"publish","type":"page","link":"https:\/\/theberlinwall.com\/en\/legal-notice\/","title":{"rendered":"Legal Notice"},"content":{"rendered":"\t\t<div data-elementor-type=\"wp-page\" data-elementor-id=\"7594\" class=\"elementor elementor-7594 elementor-7563\" data-elementor-post-type=\"page\">\n\t\t\t\t<div class=\"elementor-element elementor-element-0091921 e-flex e-con-boxed e-con e-parent\" data-id=\"0091921\" data-element_type=\"container\" data-e-type=\"container\">\n\t\t\t\t\t<div class=\"e-con-inner\">\n\t\t\t\t<div class=\"elementor-element elementor-element-9fdae08 elementor-widget elementor-widget-text-editor\" data-id=\"9fdae08\" data-element_type=\"widget\" data-e-type=\"widget\" data-widget_type=\"text-editor.default\">\n\t\t\t\t<div class=\"elementor-widget-container\">\n\t\t\t\t\t\t\t\t\t<p>In compliance with the duty of information established in Article 10 of Law 34\/2002 of July 11, on Information Society Services and Electronic Commerce (LSSI-CE), users are informed of the following details:<\/p><p><strong>Owner: <\/strong>Musealia Exhibitions &amp; Museums, S.L.<br><strong>Tax ID (C.I.F.): <\/strong>B17618745<br><strong>Registered address:<\/strong> Paseo de los Fueros 1, 1H, 20005 San Sebasti\u00e1n, Spain<br><strong>Phone:<\/strong> +34 943 44 55 79<br><strong>Email: <\/strong>info@musealia.net<br><strong>Websites:<\/strong><br><a href=\"https:\/\/www.theberlinwall.com\/\">https:\/\/www.theberlinwall.com\/<\/a><br><a href=\"https:\/\/www.elmurodeberlin.com\/\">https:\/\/www.elmurodeberlin.com\/<\/a><br><a href=\"https:\/\/www.elmurdeberlin.com\/\">https:\/\/www.elmurdeberlin.com\/<\/a><\/p><p>Musealia Exhibitions &amp; Museums, S.L. (hereinafter, <em>Musealia)<\/em> is the owner of the aforementioned websites and responsible for their content.<\/p><p>Access to and\/or use of these websites implies the condition of user, who accepts these terms and conditions from the moment of such access and\/or use.<\/p><p>The user undertakes to make proper use of the contents and services that Musealia offers through its websites and not to use them for any unlawful purposes or those contrary to good faith and public order.<\/p><p>Musealia accepts no responsibility for any improper use of the contents of its websites, such responsibility resting solely with the person who accesses or uses them.<\/p><p>Musealia reserves the right to make, without prior notice, any modifications it deems appropriate, including changing, deleting, or adding both content and services, as well as the manner in which they are presented or located.<\/p><p>All content on the websites (texts, photographs, graphics, images, logos, icons, software, as well as graphic design and source code) is the intellectual property of Musealia or third parties, and no exploitation rights over them shall be understood as transferred to the user beyond what is strictly necessary for the use of the websites.<\/p><p>This legal notice is governed entirely by Spanish law.<\/p>\t\t\t\t\t\t\t\t<\/div>\n\t\t\t\t<\/div>\n\t\t\t\t\t<\/div>\n\t\t\t\t<\/div>\n\t\t\t\t<\/div>\n\t\t","protected":false},"excerpt":{"rendered":"<p>In compliance with the duty of information established in Article 10 of Law 34\/2002 of July 11, on Information Society Services and Electronic Commerce (LSSI-CE), users are informed of the following details: Owner: Musealia Exhibitions &amp; Museums, S.L.Tax ID (C.I.F.): B17618745Registered address: Paseo de los Fueros 1, 1H, 20005 San Sebasti\u00e1n, SpainPhone: +34 943 44 [&hellip;]<\/p>\n","protected":false},"author":1,"featured_media":0,"parent":0,"menu_order":0,"comment_status":"closed","ping_status":"closed","template":"","meta":{"_acf_changed":false,"_mo_disable_npp":"","footnotes":""},"class_list":["post-7594","page","type-page","status-publish","hentry"],"acf":[],"yoast_head":"<!-- This site is optimized with the Yoast SEO plugin v27.3 - https:\/\/yoast.com\/product\/yoast-seo-wordpress\/ -->\n<title>Legal Notice - Exposici\u00f3n El Muro de Berl\u00edn en Barcelona | Espacio Inmersa<\/title>\n<meta name=\"robots\" content=\"index, follow, max-snippet:-1, max-image-preview:large, max-video-preview:-1\" \/>\n<link rel=\"canonical\" href=\"https:\/\/theberlinwall.com\/en\/legal-notice\/\" \/>\n<meta property=\"og:locale\" content=\"en_US\" \/>\n<meta property=\"og:type\" content=\"article\" \/>\n<meta property=\"og:title\" content=\"Legal Notice - Exposici\u00f3n El Muro de Berl\u00edn en Barcelona | Espacio Inmersa\" \/>\n<meta property=\"og:description\" content=\"In compliance with the duty of information established in Article 10 of Law 34\/2002 of July 11, on Information Society Services and Electronic Commerce (LSSI-CE), users are informed of the following details: Owner: Musealia Exhibitions &amp; Museums, S.L.Tax ID (C.I.F.): B17618745Registered address: Paseo de los Fueros 1, 1H, 20005 San Sebasti\u00e1n, SpainPhone: +34 943 44 [&hellip;]\" \/>\n<meta property=\"og:url\" content=\"https:\/\/theberlinwall.com\/en\/legal-notice\/\" \/>\n<meta property=\"og:site_name\" content=\"Exposici\u00f3n El Muro de Berl\u00edn en Barcelona | Espacio Inmersa\" \/>\n<meta property=\"article:publisher\" content=\"https:\/\/www.facebook.com\/BerlinWallExhibition\" \/>\n<meta property=\"article:modified_time\" content=\"2025-10-13T07:53:20+00:00\" \/>\n<meta name=\"twitter:card\" content=\"summary_large_image\" \/>\n<meta name=\"twitter:site\" content=\"@_berlinwall\" \/>\n<meta name=\"twitter:label1\" content=\"Est. reading time\" \/>\n\t<meta name=\"twitter:data1\" content=\"1 minute\" \/>\n<script type=\"application\/ld+json\" class=\"yoast-schema-graph\">{\"@context\":\"https:\\\/\\\/schema.org\",\"@graph\":[{\"@type\":\"WebPage\",\"@id\":\"https:\\\/\\\/theberlinwall.com\\\/en\\\/legal-notice\\\/\",\"url\":\"https:\\\/\\\/theberlinwall.com\\\/en\\\/legal-notice\\\/\",\"name\":\"Legal Notice - Exposici\u00f3n El Muro de Berl\u00edn en Barcelona | Espacio Inmersa\",\"isPartOf\":{\"@id\":\"https:\\\/\\\/theberlinwall.com\\\/#website\"},\"datePublished\":\"2025-10-09T13:09:25+00:00\",\"dateModified\":\"2025-10-13T07:53:20+00:00\",\"breadcrumb\":{\"@id\":\"https:\\\/\\\/theberlinwall.com\\\/en\\\/legal-notice\\\/#breadcrumb\"},\"inLanguage\":\"en-US\",\"potentialAction\":[{\"@type\":\"ReadAction\",\"target\":[\"https:\\\/\\\/theberlinwall.com\\\/en\\\/legal-notice\\\/\"]}]},{\"@type\":\"BreadcrumbList\",\"@id\":\"https:\\\/\\\/theberlinwall.com\\\/en\\\/legal-notice\\\/#breadcrumb\",\"itemListElement\":[{\"@type\":\"ListItem\",\"position\":1,\"name\":\"Portada\",\"item\":\"https:\\\/\\\/theberlinwall.com\\\/en\\\/home\\\/\"},{\"@type\":\"ListItem\",\"position\":2,\"name\":\"Legal Notice\"}]},{\"@type\":\"WebSite\",\"@id\":\"https:\\\/\\\/theberlinwall.com\\\/#website\",\"url\":\"https:\\\/\\\/theberlinwall.com\\\/\",\"name\":\"Le Mur de Berlin Un Monde Divis\u00e9\",\"description\":\"Sum\u00e9rgete en la historia del Muro de Berl\u00edn en el Espacio Inmersa de Barcelona. Una exposici\u00f3n excepcional con m\u00e1s de 200 objetos originales.\",\"publisher\":{\"@id\":\"https:\\\/\\\/theberlinwall.com\\\/#organization\"},\"potentialAction\":[{\"@type\":\"SearchAction\",\"target\":{\"@type\":\"EntryPoint\",\"urlTemplate\":\"https:\\\/\\\/theberlinwall.com\\\/?s={search_term_string}\"},\"query-input\":{\"@type\":\"PropertyValueSpecification\",\"valueRequired\":true,\"valueName\":\"search_term_string\"}}],\"inLanguage\":\"en-US\"},{\"@type\":\"Organization\",\"@id\":\"https:\\\/\\\/theberlinwall.com\\\/#organization\",\"name\":\"Le Mur de Berlin - Un Monde Divis\u00e9\",\"url\":\"https:\\\/\\\/theberlinwall.com\\\/\",\"logo\":{\"@type\":\"ImageObject\",\"inLanguage\":\"en-US\",\"@id\":\"https:\\\/\\\/theberlinwall.com\\\/#\\\/schema\\\/logo\\\/image\\\/\",\"url\":\"https:\\\/\\\/theberlinwall.com\\\/wp-content\\\/uploads\\\/2025\\\/10\\\/06_144_14_Logo_ING_RGB_ColorWhite_PROD-3.svg\",\"contentUrl\":\"https:\\\/\\\/theberlinwall.com\\\/wp-content\\\/uploads\\\/2025\\\/10\\\/06_144_14_Logo_ING_RGB_ColorWhite_PROD-3.svg\",\"width\":1417,\"height\":453,\"caption\":\"Le Mur de Berlin - Un Monde Divis\u00e9\"},\"image\":{\"@id\":\"https:\\\/\\\/theberlinwall.com\\\/#\\\/schema\\\/logo\\\/image\\\/\"},\"sameAs\":[\"https:\\\/\\\/www.facebook.com\\\/BerlinWallExhibition\",\"https:\\\/\\\/x.com\\\/_berlinwall\",\"https:\\\/\\\/www.instagram.com\\\/_berlinwall\\\/\"]}]}<\/script>\n<!-- \/ Yoast SEO plugin. -->","yoast_head_json":{"title":"Legal Notice - Exposici\u00f3n El Muro de Berl\u00edn en Barcelona | Espacio Inmersa","robots":{"index":"index","follow":"follow","max-snippet":"max-snippet:-1","max-image-preview":"max-image-preview:large","max-video-preview":"max-video-preview:-1"},"canonical":"https:\/\/theberlinwall.com\/en\/legal-notice\/","og_locale":"en_US","og_type":"article","og_title":"Legal Notice - Exposici\u00f3n El Muro de Berl\u00edn en Barcelona | Espacio Inmersa","og_description":"In compliance with the duty of information established in Article 10 of Law 34\/2002 of July 11, on Information Society Services and Electronic Commerce (LSSI-CE), users are informed of the following details: Owner: Musealia Exhibitions &amp; Museums, S.L.Tax ID (C.I.F.): B17618745Registered address: Paseo de los Fueros 1, 1H, 20005 San Sebasti\u00e1n, SpainPhone: +34 943 44 [&hellip;]","og_url":"https:\/\/theberlinwall.com\/en\/legal-notice\/","og_site_name":"Exposici\u00f3n El Muro de Berl\u00edn en Barcelona | Espacio Inmersa","article_publisher":"https:\/\/www.facebook.com\/BerlinWallExhibition","article_modified_time":"2025-10-13T07:53:20+00:00","twitter_card":"summary_large_image","twitter_site":"@_berlinwall","twitter_misc":{"Est. reading time":"1 minute"},"schema":{"@context":"https:\/\/schema.org","@graph":[{"@type":"WebPage","@id":"https:\/\/theberlinwall.com\/en\/legal-notice\/","url":"https:\/\/theberlinwall.com\/en\/legal-notice\/","name":"Legal Notice - Exposici\u00f3n El Muro de Berl\u00edn en Barcelona | Espacio Inmersa","isPartOf":{"@id":"https:\/\/theberlinwall.com\/#website"},"datePublished":"2025-10-09T13:09:25+00:00","dateModified":"2025-10-13T07:53:20+00:00","breadcrumb":{"@id":"https:\/\/theberlinwall.com\/en\/legal-notice\/#breadcrumb"},"inLanguage":"en-US","potentialAction":[{"@type":"ReadAction","target":["https:\/\/theberlinwall.com\/en\/legal-notice\/"]}]},{"@type":"BreadcrumbList","@id":"https:\/\/theberlinwall.com\/en\/legal-notice\/#breadcrumb","itemListElement":[{"@type":"ListItem","position":1,"name":"Portada","item":"https:\/\/theberlinwall.com\/en\/home\/"},{"@type":"ListItem","position":2,"name":"Legal Notice"}]},{"@type":"WebSite","@id":"https:\/\/theberlinwall.com\/#website","url":"https:\/\/theberlinwall.com\/","name":"Le Mur de Berlin Un Monde Divis\u00e9","description":"Sum\u00e9rgete en la historia del Muro de Berl\u00edn en el Espacio Inmersa de Barcelona. Una exposici\u00f3n excepcional con m\u00e1s de 200 objetos originales.","publisher":{"@id":"https:\/\/theberlinwall.com\/#organization"},"potentialAction":[{"@type":"SearchAction","target":{"@type":"EntryPoint","urlTemplate":"https:\/\/theberlinwall.com\/?s={search_term_string}"},"query-input":{"@type":"PropertyValueSpecification","valueRequired":true,"valueName":"search_term_string"}}],"inLanguage":"en-US"},{"@type":"Organization","@id":"https:\/\/theberlinwall.com\/#organization","name":"Le Mur de Berlin - Un Monde Divis\u00e9","url":"https:\/\/theberlinwall.com\/","logo":{"@type":"ImageObject","inLanguage":"en-US","@id":"https:\/\/theberlinwall.com\/#\/schema\/logo\/image\/","url":"https:\/\/theberlinwall.com\/wp-content\/uploads\/2025\/10\/06_144_14_Logo_ING_RGB_ColorWhite_PROD-3.svg","contentUrl":"https:\/\/theberlinwall.com\/wp-content\/uploads\/2025\/10\/06_144_14_Logo_ING_RGB_ColorWhite_PROD-3.svg","width":1417,"height":453,"caption":"Le Mur de Berlin - Un Monde Divis\u00e9"},"image":{"@id":"https:\/\/theberlinwall.com\/#\/schema\/logo\/image\/"},"sameAs":["https:\/\/www.facebook.com\/BerlinWallExhibition","https:\/\/x.com\/_berlinwall","https:\/\/www.instagram.com\/_berlinwall\/"]}]}},"_links":{"self":[{"href":"https:\/\/theberlinwall.com\/en\/wp-json\/wp\/v2\/pages\/7594","targetHints":{"allow":["GET"]}}],"collection":[{"href":"https:\/\/theberlinwall.com\/en\/wp-json\/wp\/v2\/pages"}],"about":[{"href":"https:\/\/theberlinwall.com\/en\/wp-json\/wp\/v2\/types\/page"}],"author":[{"embeddable":true,"href":"https:\/\/theberlinwall.com\/en\/wp-json\/wp\/v2\/users\/1"}],"replies":[{"embeddable":true,"href":"https:\/\/theberlinwall.com\/en\/wp-json\/wp\/v2\/comments?post=7594"}],"version-history":[{"count":1,"href":"https:\/\/theberlinwall.com\/en\/wp-json\/wp\/v2\/pages\/7594\/revisions"}],"predecessor-version":[{"id":7595,"href":"https:\/\/theberlinwall.com\/en\/wp-json\/wp\/v2\/pages\/7594\/revisions\/7595"}],"wp:attachment":[{"href":"https:\/\/theberlinwall.com\/en\/wp-json\/wp\/v2\/media?parent=7594"}],"curies":[{"name":"wp","href":"https:\/\/api.w.org\/{rel}","templated":true}]}}