{"id":7563,"date":"2025-10-09T15:09:25","date_gmt":"2025-10-09T13:09:25","guid":{"rendered":"https:\/\/theberlinwall.com\/?page_id=7563"},"modified":"2026-05-08T13:04:19","modified_gmt":"2026-05-08T11:04:19","slug":"aviso-legal","status":"publish","type":"page","link":"https:\/\/theberlinwall.com\/es\/aviso-legal\/","title":{"rendered":"Aviso Legal"},"content":{"rendered":"\t\t<div data-elementor-type=\"wp-page\" data-elementor-id=\"7563\" class=\"elementor elementor-7563\" data-elementor-post-type=\"page\">\n\t\t\t\t<div class=\"elementor-element elementor-element-0091921 e-flex e-con-boxed e-con e-parent\" data-id=\"0091921\" data-element_type=\"container\" data-e-type=\"container\">\n\t\t\t\t\t<div class=\"e-con-inner\">\n\t\t\t\t<div class=\"elementor-element elementor-element-3d8818d elementor-widget elementor-widget-text-editor\" data-id=\"3d8818d\" data-element_type=\"widget\" data-e-type=\"widget\" data-widget_type=\"text-editor.default\">\n\t\t\t\t<div class=\"elementor-widget-container\">\n\t\t\t\t\t\t\t\t\t<h1 class=\"wp-block-heading\">Aviso Legal<\/h1>\t\t\t\t\t\t\t\t<\/div>\n\t\t\t\t<\/div>\n\t\t\t\t<div class=\"elementor-element elementor-element-25a7f89 elementor-widget-divider--view-line elementor-widget elementor-widget-divider\" data-id=\"25a7f89\" data-element_type=\"widget\" data-e-type=\"widget\" data-widget_type=\"divider.default\">\n\t\t\t\t<div class=\"elementor-widget-container\">\n\t\t\t\t\t\t\t<div class=\"elementor-divider\">\n\t\t\t<span class=\"elementor-divider-separator\">\n\t\t\t\t\t\t<\/span>\n\t\t<\/div>\n\t\t\t\t\t\t<\/div>\n\t\t\t\t<\/div>\n\t\t\t\t\t<\/div>\n\t\t\t\t<\/div>\n\t\t<div class=\"elementor-element elementor-element-62e2352 e-flex e-con-boxed e-con e-parent\" data-id=\"62e2352\" data-element_type=\"container\" data-e-type=\"container\">\n\t\t\t\t\t<div class=\"e-con-inner\">\n\t\t<div class=\"elementor-element elementor-element-7f95c8d e-con-full e-flex e-con e-child\" data-id=\"7f95c8d\" data-element_type=\"container\" data-e-type=\"container\" data-settings=\"{&quot;background_background&quot;:&quot;video&quot;,&quot;background_video_start&quot;:0,&quot;background_play_on_mobile&quot;:&quot;yes&quot;}\">\n\t\t<div class=\"elementor-element elementor-element-09f6ee2 e-con-full e-flex e-con e-child\" data-id=\"09f6ee2\" data-element_type=\"container\" data-e-type=\"container\">\n\t\t\t\t<div class=\"elementor-element elementor-element-7f9c584 elementor-widget elementor-widget-text-editor\" data-id=\"7f9c584\" data-element_type=\"widget\" data-e-type=\"widget\" data-widget_type=\"text-editor.default\">\n\t\t\t\t<div class=\"elementor-widget-container\">\n\t\t\t\t\t\t\t\t\t<p>En cumplimiento con el deber de informaci\u00f3n recogido en el art\u00edculo 10 de la Ley 34\/2002, de 11 de julio, de Servicios de la Sociedad de la Informaci\u00f3n y del Comercio Electr\u00f3nico (LSSI-CE), se informa a los usuarios de los siguientes datos:<\/p><p><strong>Titular:<\/strong>\u00a0<br \/>Musealia Exhibitions &amp; <br \/>Museums, S.L.<br \/><strong><br \/>C.I.F.:<\/strong>\u00a0<br \/>B17618745<br \/><strong><br \/>Domicilio social:<\/strong>\u00a0<br \/>Paseo de los Fueros 1, 1H, 20005 San Sebasti\u00e1n, Espa\u00f1a<br \/><strong><br \/>Tel\u00e9fono:<\/strong>\u00a0<br \/>+34 943 44 55 79<br \/><strong><br \/>Correo electr\u00f3nico:<\/strong>\u00a0<br \/>info@musealia.net<\/p><p><strong>Sitios web:<\/strong>\u00a0<br \/><a href=\"https:\/\/www.theberlinwall.com\/\">www.theberlinwall.com<\/a>,\u00a0<br \/><a href=\"https:\/\/www.elmurodeberlin.com\/\">www.elmurodeberlin.com<\/a>,\u00a0<br \/><a href=\"https:\/\/www.elmurdeberlin.com\/\">www.elmurdeberlin.com<\/a><\/p>\t\t\t\t\t\t\t\t<\/div>\n\t\t\t\t<\/div>\n\t\t\t\t<\/div>\n\t\t<div class=\"elementor-element elementor-element-71b09ca e-con-full e-flex e-con e-child\" data-id=\"71b09ca\" data-element_type=\"container\" data-e-type=\"container\">\n\t\t\t\t<div class=\"elementor-element elementor-element-5d16584 elementor-widget elementor-widget-text-editor\" data-id=\"5d16584\" data-element_type=\"widget\" data-e-type=\"widget\" data-widget_type=\"text-editor.default\">\n\t\t\t\t<div class=\"elementor-widget-container\">\n\t\t\t\t\t\t\t\t\t<p><strong>Musealia Exhibitions &amp; Museums, S.L.<\/strong> (en adelante,\u00a0<em>Musealia<\/em>) es titular de los sitios web mencionados y responsable de su contenido.<\/p><p>El acceso y\/o uso de estos sitios web atribuye la condici\u00f3n de usuario, que acepta desde dicho acceso y\/o uso las presentes condiciones.<\/p><p>El usuario se compromete a hacer un uso adecuado de los contenidos y servicios que <strong>Musealia<\/strong> ofrece a trav\u00e9s de sus sitios web y a no emplearlos para actividades il\u00edcitas o contrarias a la buena fe y al orden p\u00fablico.<\/p><p><strong>Musealia<\/strong> no se hace responsable del uso indebido que se realice de los contenidos de sus sitios web, siendo exclusiva responsabilidad de la persona que acceda o los utilice.<\/p><p><strong>Musealia<\/strong> se reserva el derecho de efectuar sin previo aviso las modificaciones que considere oportunas, pudiendo cambiar, suprimir o a\u00f1adir tanto los contenidos y servicios como la forma en que \u00e9stos aparezcan presentados o localizados.<\/p><p>Todos los contenidos de los sitios web (textos, fotograf\u00edas, gr\u00e1ficos, im\u00e1genes, logotipos, iconos, software, as\u00ed como su dise\u00f1o gr\u00e1fico y c\u00f3digos fuente) son propiedad intelectual de Musealia o de terceros, sin que puedan entenderse cedidos al usuario ninguno de los derechos de explotaci\u00f3n m\u00e1s all\u00e1 de lo estrictamente necesario para el uso de las webs.<\/p><p>El presente aviso legal se rige \u00edntegramente por la legislaci\u00f3n espa\u00f1ola.<\/p>\t\t\t\t\t\t\t\t<\/div>\n\t\t\t\t<\/div>\n\t\t\t\t<\/div>\n\t\t\t\t<\/div>\n\t\t\t\t\t<\/div>\n\t\t\t\t<\/div>\n\t\t\t\t<\/div>\n\t\t","protected":false},"excerpt":{"rendered":"<p>Aviso Legal En cumplimiento con el deber de informaci\u00f3n recogido en el art\u00edculo 10 de la Ley 34\/2002, de 11 de julio, de Servicios de la Sociedad de la Informaci\u00f3n y del Comercio Electr\u00f3nico (LSSI-CE), se informa a los usuarios de los siguientes datos: Titular:\u00a0Musealia Exhibitions &amp; Museums, S.L.C.I.F.:\u00a0B17618745Domicilio social:\u00a0Paseo de los Fueros 1, 1H, [&hellip;]<\/p>\n","protected":false},"author":1,"featured_media":0,"parent":0,"menu_order":0,"comment_status":"closed","ping_status":"closed","template":"","meta":{"_acf_changed":false,"_mo_disable_npp":"","footnotes":""},"class_list":["post-7563","page","type-page","status-publish","hentry"],"acf":[],"yoast_head":"<!-- This site is optimized with the Yoast SEO plugin v27.5 - https:\/\/yoast.com\/product\/yoast-seo-wordpress\/ -->\n<title>Aviso Legal - Exposici\u00f3n El Muro de Berl\u00edn en Barcelona | Espacio Inmersa<\/title>\n<meta name=\"robots\" content=\"index, follow, max-snippet:-1, max-image-preview:large, max-video-preview:-1\" \/>\n<link rel=\"canonical\" href=\"https:\/\/theberlinwall.com\/aviso-legal\/\" \/>\n<meta property=\"og:locale\" content=\"es_ES\" \/>\n<meta property=\"og:type\" content=\"article\" \/>\n<meta property=\"og:title\" content=\"Aviso Legal - Exposici\u00f3n El Muro de Berl\u00edn en Barcelona | Espacio Inmersa\" \/>\n<meta property=\"og:description\" content=\"Aviso Legal En cumplimiento con el deber de informaci\u00f3n recogido en el art\u00edculo 10 de la Ley 34\/2002, de 11 de julio, de Servicios de la Sociedad de la Informaci\u00f3n y del Comercio Electr\u00f3nico (LSSI-CE), se informa a los usuarios de los siguientes datos: Titular:\u00a0Musealia Exhibitions &amp; Museums, S.L.C.I.F.:\u00a0B17618745Domicilio social:\u00a0Paseo de los Fueros 1, 1H, [&hellip;]\" \/>\n<meta property=\"og:url\" content=\"https:\/\/theberlinwall.com\/aviso-legal\/\" \/>\n<meta property=\"og:site_name\" content=\"Exposici\u00f3n El Muro de Berl\u00edn en Barcelona | Espacio Inmersa\" \/>\n<meta property=\"article:publisher\" content=\"https:\/\/www.facebook.com\/BerlinWallExhibition\" \/>\n<meta property=\"article:modified_time\" content=\"2026-05-08T11:04:19+00:00\" \/>\n<meta name=\"twitter:card\" content=\"summary_large_image\" \/>\n<meta name=\"twitter:site\" content=\"@_berlinwall\" \/>\n<meta name=\"twitter:label1\" content=\"Tiempo de lectura\" \/>\n\t<meta name=\"twitter:data1\" content=\"2 minutos\" \/>\n<script type=\"application\/ld+json\" class=\"yoast-schema-graph\">{\"@context\":\"https:\\\/\\\/schema.org\",\"@graph\":[{\"@type\":\"WebPage\",\"@id\":\"https:\\\/\\\/theberlinwall.com\\\/aviso-legal\\\/\",\"url\":\"https:\\\/\\\/theberlinwall.com\\\/aviso-legal\\\/\",\"name\":\"Aviso Legal - Exposici\u00f3n El Muro de Berl\u00edn en Barcelona | Espacio Inmersa\",\"isPartOf\":{\"@id\":\"https:\\\/\\\/theberlinwall.com\\\/#website\"},\"datePublished\":\"2025-10-09T13:09:25+00:00\",\"dateModified\":\"2026-05-08T11:04:19+00:00\",\"breadcrumb\":{\"@id\":\"https:\\\/\\\/theberlinwall.com\\\/aviso-legal\\\/#breadcrumb\"},\"inLanguage\":\"es\",\"potentialAction\":[{\"@type\":\"ReadAction\",\"target\":[\"https:\\\/\\\/theberlinwall.com\\\/aviso-legal\\\/\"]}]},{\"@type\":\"BreadcrumbList\",\"@id\":\"https:\\\/\\\/theberlinwall.com\\\/aviso-legal\\\/#breadcrumb\",\"itemListElement\":[{\"@type\":\"ListItem\",\"position\":1,\"name\":\"Portada\",\"item\":\"https:\\\/\\\/theberlinwall.com\\\/es\\\/\"},{\"@type\":\"ListItem\",\"position\":2,\"name\":\"Aviso Legal\"}]},{\"@type\":\"WebSite\",\"@id\":\"https:\\\/\\\/theberlinwall.com\\\/#website\",\"url\":\"https:\\\/\\\/theberlinwall.com\\\/\",\"name\":\"Le Mur de Berlin Un Monde Divis\u00e9\",\"description\":\"Sum\u00e9rgete en la historia del Muro de Berl\u00edn en el Espacio Inmersa de Barcelona. Una exposici\u00f3n excepcional con m\u00e1s de 200 objetos originales.\",\"publisher\":{\"@id\":\"https:\\\/\\\/theberlinwall.com\\\/#organization\"},\"potentialAction\":[{\"@type\":\"SearchAction\",\"target\":{\"@type\":\"EntryPoint\",\"urlTemplate\":\"https:\\\/\\\/theberlinwall.com\\\/?s={search_term_string}\"},\"query-input\":{\"@type\":\"PropertyValueSpecification\",\"valueRequired\":true,\"valueName\":\"search_term_string\"}}],\"inLanguage\":\"es\"},{\"@type\":\"Organization\",\"@id\":\"https:\\\/\\\/theberlinwall.com\\\/#organization\",\"name\":\"Le Mur de Berlin - Un Monde Divis\u00e9\",\"url\":\"https:\\\/\\\/theberlinwall.com\\\/\",\"logo\":{\"@type\":\"ImageObject\",\"inLanguage\":\"es\",\"@id\":\"https:\\\/\\\/theberlinwall.com\\\/#\\\/schema\\\/logo\\\/image\\\/\",\"url\":\"https:\\\/\\\/theberlinwall.com\\\/wp-content\\\/uploads\\\/2024\\\/02\\\/06_144_14_Logo_ES_Colorblanco_PROD.svg\",\"contentUrl\":\"https:\\\/\\\/theberlinwall.com\\\/wp-content\\\/uploads\\\/2024\\\/02\\\/06_144_14_Logo_ES_Colorblanco_PROD.svg\",\"width\":1417,\"height\":453,\"caption\":\"Le Mur de Berlin - Un Monde Divis\u00e9\"},\"image\":{\"@id\":\"https:\\\/\\\/theberlinwall.com\\\/#\\\/schema\\\/logo\\\/image\\\/\"},\"sameAs\":[\"https:\\\/\\\/www.facebook.com\\\/BerlinWallExhibition\",\"https:\\\/\\\/x.com\\\/_berlinwall\",\"https:\\\/\\\/www.instagram.com\\\/_berlinwall\\\/\"]}]}<\/script>\n<!-- \/ Yoast SEO plugin. -->","yoast_head_json":{"title":"Aviso Legal - Exposici\u00f3n El Muro de Berl\u00edn en Barcelona | Espacio Inmersa","robots":{"index":"index","follow":"follow","max-snippet":"max-snippet:-1","max-image-preview":"max-image-preview:large","max-video-preview":"max-video-preview:-1"},"canonical":"https:\/\/theberlinwall.com\/aviso-legal\/","og_locale":"es_ES","og_type":"article","og_title":"Aviso Legal - Exposici\u00f3n El Muro de Berl\u00edn en Barcelona | Espacio Inmersa","og_description":"Aviso Legal En cumplimiento con el deber de informaci\u00f3n recogido en el art\u00edculo 10 de la Ley 34\/2002, de 11 de julio, de Servicios de la Sociedad de la Informaci\u00f3n y del Comercio Electr\u00f3nico (LSSI-CE), se informa a los usuarios de los siguientes datos: Titular:\u00a0Musealia Exhibitions &amp; Museums, S.L.C.I.F.:\u00a0B17618745Domicilio social:\u00a0Paseo de los Fueros 1, 1H, [&hellip;]","og_url":"https:\/\/theberlinwall.com\/aviso-legal\/","og_site_name":"Exposici\u00f3n El Muro de Berl\u00edn en Barcelona | Espacio Inmersa","article_publisher":"https:\/\/www.facebook.com\/BerlinWallExhibition","article_modified_time":"2026-05-08T11:04:19+00:00","twitter_card":"summary_large_image","twitter_site":"@_berlinwall","twitter_misc":{"Tiempo de lectura":"2 minutos"},"schema":{"@context":"https:\/\/schema.org","@graph":[{"@type":"WebPage","@id":"https:\/\/theberlinwall.com\/aviso-legal\/","url":"https:\/\/theberlinwall.com\/aviso-legal\/","name":"Aviso Legal - Exposici\u00f3n El Muro de Berl\u00edn en Barcelona | Espacio Inmersa","isPartOf":{"@id":"https:\/\/theberlinwall.com\/#website"},"datePublished":"2025-10-09T13:09:25+00:00","dateModified":"2026-05-08T11:04:19+00:00","breadcrumb":{"@id":"https:\/\/theberlinwall.com\/aviso-legal\/#breadcrumb"},"inLanguage":"es","potentialAction":[{"@type":"ReadAction","target":["https:\/\/theberlinwall.com\/aviso-legal\/"]}]},{"@type":"BreadcrumbList","@id":"https:\/\/theberlinwall.com\/aviso-legal\/#breadcrumb","itemListElement":[{"@type":"ListItem","position":1,"name":"Portada","item":"https:\/\/theberlinwall.com\/es\/"},{"@type":"ListItem","position":2,"name":"Aviso Legal"}]},{"@type":"WebSite","@id":"https:\/\/theberlinwall.com\/#website","url":"https:\/\/theberlinwall.com\/","name":"Le Mur de Berlin Un Monde Divis\u00e9","description":"Sum\u00e9rgete en la historia del Muro de Berl\u00edn en el Espacio Inmersa de Barcelona. Una exposici\u00f3n excepcional con m\u00e1s de 200 objetos originales.","publisher":{"@id":"https:\/\/theberlinwall.com\/#organization"},"potentialAction":[{"@type":"SearchAction","target":{"@type":"EntryPoint","urlTemplate":"https:\/\/theberlinwall.com\/?s={search_term_string}"},"query-input":{"@type":"PropertyValueSpecification","valueRequired":true,"valueName":"search_term_string"}}],"inLanguage":"es"},{"@type":"Organization","@id":"https:\/\/theberlinwall.com\/#organization","name":"Le Mur de Berlin - Un Monde Divis\u00e9","url":"https:\/\/theberlinwall.com\/","logo":{"@type":"ImageObject","inLanguage":"es","@id":"https:\/\/theberlinwall.com\/#\/schema\/logo\/image\/","url":"https:\/\/theberlinwall.com\/wp-content\/uploads\/2024\/02\/06_144_14_Logo_ES_Colorblanco_PROD.svg","contentUrl":"https:\/\/theberlinwall.com\/wp-content\/uploads\/2024\/02\/06_144_14_Logo_ES_Colorblanco_PROD.svg","width":1417,"height":453,"caption":"Le Mur de Berlin - Un Monde Divis\u00e9"},"image":{"@id":"https:\/\/theberlinwall.com\/#\/schema\/logo\/image\/"},"sameAs":["https:\/\/www.facebook.com\/BerlinWallExhibition","https:\/\/x.com\/_berlinwall","https:\/\/www.instagram.com\/_berlinwall\/"]}]}},"_links":{"self":[{"href":"https:\/\/theberlinwall.com\/es\/wp-json\/wp\/v2\/pages\/7563","targetHints":{"allow":["GET"]}}],"collection":[{"href":"https:\/\/theberlinwall.com\/es\/wp-json\/wp\/v2\/pages"}],"about":[{"href":"https:\/\/theberlinwall.com\/es\/wp-json\/wp\/v2\/types\/page"}],"author":[{"embeddable":true,"href":"https:\/\/theberlinwall.com\/es\/wp-json\/wp\/v2\/users\/1"}],"replies":[{"embeddable":true,"href":"https:\/\/theberlinwall.com\/es\/wp-json\/wp\/v2\/comments?post=7563"}],"version-history":[{"count":37,"href":"https:\/\/theberlinwall.com\/es\/wp-json\/wp\/v2\/pages\/7563\/revisions"}],"predecessor-version":[{"id":8415,"href":"https:\/\/theberlinwall.com\/es\/wp-json\/wp\/v2\/pages\/7563\/revisions\/8415"}],"wp:attachment":[{"href":"https:\/\/theberlinwall.com\/es\/wp-json\/wp\/v2\/media?parent=7563"}],"curies":[{"name":"wp","href":"https:\/\/api.w.org\/{rel}","templated":true}]}}